{"id":18757,"date":"2022-03-18T10:30:26","date_gmt":"2022-03-18T09:30:26","guid":{"rendered":"http:\/\/www.liegenatation.be\/Web\/?page_id=18757"},"modified":"2022-05-31T00:00:29","modified_gmt":"2022-05-30T22:00:29","slug":"fete-du-club-le-28-mai","status":"publish","type":"page","link":"http:\/\/www.liegenatation.be\/Web\/fete-du-club-le-28-mai\/","title":{"rendered":"F\u00eate du club le 28 mai 2022"},"content":{"rendered":"\n<p class=\"has-normal-font-size\"><span class=\"has-inline-color has-black-color\">Notre club organisait une grande f\u00eate le <strong>samedi 28 mai<\/strong> pour les diff\u00e9rentes cat\u00e9gories d&#8217;\u00e2ge. <strong>17<\/strong> clubs avaient confirm\u00e9 leur pr\u00e9sence. Cela repr\u00e9sentait <strong>250<\/strong> athl\u00e8tes, <strong>766 <\/strong>inscriptions individuelles + <strong>18<\/strong> relais. Merci \u00e0 tous pour votre pr\u00e9sence.<\/span><\/p>\n\n\n\n<p class=\"has-normal-font-size\"><span class=\"has-inline-color has-black-color\">Un tout grand merci \u00e9galement \u00e0 <strong>tous nos b\u00e9n\u00e9voles<\/strong> qui n&#8217;ont pas m\u00e9nag\u00e9 leurs efforts au cours de cette journ\u00e9e-marathon. Sans eux, cette journ\u00e9e n&#8217;aura pas pu \u00eatre une r\u00e9ussite.<\/span><\/p>\n\n\n\n<p><a href=\"https:\/\/www.liegenatation.be\/Web\/courses-et-ambiance\/\" target=\"_blank\" rel=\"noreferrer noopener\"><span class=\"has-inline-color has-vivid-cyan-blue-color\"><strong>Galerie photos: l&#8217;ambiance et les courses<\/strong><\/span><\/a><\/p>\n\n\n\n<p><a href=\"https:\/\/www.liegenatation.be\/Web\/les-podiums\/\" target=\"_blank\" rel=\"noreferrer noopener\"><strong><span class=\"has-inline-color has-vivid-cyan-blue-color\">Galerie photos: les podiums<\/span><\/strong><\/a><\/p>\n\n\n\n<p class=\"has-normal-font-size\"><span class=\"has-inline-color has-black-color\">De nombreux nageurs comptaient sur cette f\u00eate pour r\u00e9aliser les temps limites pour les championnats d&#8217;\u00e9t\u00e9 ou am\u00e9liorer leurs chronos.<\/span><\/p>\n\n\n\n<p class=\"has-normal-font-size\"><span class=\"has-inline-color has-black-color\">Retrouvez ci-dessous les <strong>r\u00e9sultats<\/strong> de la journ\u00e9e.<\/span><\/p>\n\n\n\n<div class=\"wp-block-file\"><a href=\"https:\/\/www.liegenatation.be\/Web\/wp-content\/uploads\/2022\/05\/Resultats-matin-courses-1-et-2.pdf\" target=\"_blank\" rel=\"noreferrer noopener\"><strong><span class=\"has-inline-color has-vivid-cyan-blue-color\">R\u00e9sultats matin courses 1 \u00e0 2<\/span><\/strong><\/a><a href=\"https:\/\/www.liegenatation.be\/Web\/wp-content\/uploads\/2022\/05\/Resultats-matin-courses-1-et-2.pdf\" class=\"wp-block-file__button\" download>T\u00e9l\u00e9charger<\/a><\/div>\n\n\n\n<div class=\"wp-block-file\"><a href=\"https:\/\/www.liegenatation.be\/Web\/wp-content\/uploads\/2022\/05\/Resultats-matin-courses-3-a-12-2.pdf\" target=\"_blank\" rel=\"noreferrer noopener\"><strong><span class=\"has-inline-color has-vivid-cyan-blue-color\">R\u00e9sultats matin courses 3 \u00e0 12<\/span><\/strong><\/a><a href=\"https:\/\/www.liegenatation.be\/Web\/wp-content\/uploads\/2022\/05\/Resultats-matin-courses-3-a-12-2.pdf\" class=\"wp-block-file__button\" download>T\u00e9l\u00e9charger<\/a><\/div>\n\n\n\n<div class=\"wp-block-file\"><a href=\"https:\/\/www.liegenatation.be\/Web\/wp-content\/uploads\/2022\/05\/Resultats-apres-midi-courses-13-a-19.pdf\" target=\"_blank\" rel=\"noreferrer noopener\"><span class=\"has-inline-color has-vivid-cyan-blue-color\"><strong>R\u00e9sultats apr\u00e8s-midi courses 13 \u00e0 19<\/strong><\/span><\/a><a href=\"https:\/\/www.liegenatation.be\/Web\/wp-content\/uploads\/2022\/05\/Resultats-apres-midi-courses-13-a-19.pdf\" class=\"wp-block-file__button\" download>T\u00e9l\u00e9charger<\/a><\/div>\n\n\n\n<div class=\"wp-block-file\"><a href=\"https:\/\/www.liegenatation.be\/Web\/wp-content\/uploads\/2022\/05\/Resultats-apres-midi-courses-20-a-26.pdf\" target=\"_blank\" rel=\"noreferrer noopener\"><span class=\"has-inline-color has-vivid-cyan-blue-color\"><strong>R\u00e9sultats apr\u00e8s-midi courses 20 \u00e0 26<\/strong><\/span><\/a><a href=\"https:\/\/www.liegenatation.be\/Web\/wp-content\/uploads\/2022\/05\/Resultats-apres-midi-courses-20-a-26.pdf\" class=\"wp-block-file__button\" download>T\u00e9l\u00e9charger<\/a><\/div>\n\n\n\n<div class=\"wp-block-file\"><a href=\"https:\/\/www.liegenatation.be\/Web\/wp-content\/uploads\/2022\/05\/Resultats-LGN.pdf\" target=\"_blank\" rel=\"noreferrer noopener\"><span class=\"has-inline-color has-vivid-cyan-blue-color\"><strong>R\u00e9sultats LGN<\/strong><\/span><\/a><a href=\"https:\/\/www.liegenatation.be\/Web\/wp-content\/uploads\/2022\/05\/Resultats-LGN.pdf\" class=\"wp-block-file__button\" download>T\u00e9l\u00e9charger<\/a><\/div>\n","protected":false},"excerpt":{"rendered":"<p>Notre club organisait une grande f\u00eate le samedi 28 mai pour les diff\u00e9rentes cat\u00e9gories d&#8217;\u00e2ge. 17 clubs avaient confirm\u00e9 leur pr\u00e9sence. Cela repr\u00e9sentait 250 athl\u00e8tes, 766 inscriptions individuelles + 18 &hellip; <\/p>\n<p class=\"link-more\"><a href=\"http:\/\/www.liegenatation.be\/Web\/fete-du-club-le-28-mai\/\" class=\"more-link\">Continuer la lecture<span class=\"screen-reader-text\"> de &laquo;&nbsp;F\u00eate du club le 28 mai 2022&nbsp;&raquo;<\/span><\/a><\/p>\n","protected":false},"author":2,"featured_media":0,"parent":0,"menu_order":0,"comment_status":"closed","ping_status":"closed","template":"","meta":{"ngg_post_thumbnail":0,"footnotes":""},"class_list":["post-18757","page","type-page","status-publish","hentry"],"_links":{"self":[{"href":"http:\/\/www.liegenatation.be\/Web\/wp-json\/wp\/v2\/pages\/18757","targetHints":{"allow":["GET"]}}],"collection":[{"href":"http:\/\/www.liegenatation.be\/Web\/wp-json\/wp\/v2\/pages"}],"about":[{"href":"http:\/\/www.liegenatation.be\/Web\/wp-json\/wp\/v2\/types\/page"}],"author":[{"embeddable":true,"href":"http:\/\/www.liegenatation.be\/Web\/wp-json\/wp\/v2\/users\/2"}],"replies":[{"embeddable":true,"href":"http:\/\/www.liegenatation.be\/Web\/wp-json\/wp\/v2\/comments?post=18757"}],"version-history":[{"count":24,"href":"http:\/\/www.liegenatation.be\/Web\/wp-json\/wp\/v2\/pages\/18757\/revisions"}],"predecessor-version":[{"id":19242,"href":"http:\/\/www.liegenatation.be\/Web\/wp-json\/wp\/v2\/pages\/18757\/revisions\/19242"}],"wp:attachment":[{"href":"http:\/\/www.liegenatation.be\/Web\/wp-json\/wp\/v2\/media?parent=18757"}],"curies":[{"name":"wp","href":"https:\/\/api.w.org\/{rel}","templated":true}]}}