{"id":19478,"date":"2022-08-22T19:57:29","date_gmt":"2022-08-22T17:57:29","guid":{"rendered":"https:\/\/www.liegenatation.be\/Web\/?page_id=19478"},"modified":"2024-07-18T11:29:55","modified_gmt":"2024-07-18T09:29:55","slug":"ecole-de-natation-2","status":"publish","type":"page","link":"http:\/\/www.liegenatation.be\/Web\/ecole-de-natation-2\/","title":{"rendered":"Ecole de Natation"},"content":{"rendered":"\n<p class=\"has-normal-font-size\"><span class=\"has-inline-color has-black-color\">Les cours se donnent \u00e0 la piscine de Crisn\u00e9e mais aussi \u00e0 la piscine d&#8217;Ans.<\/span><\/p>\n\n\n\n<div style=\"height:50px\" aria-hidden=\"true\" class=\"wp-block-spacer\"><\/div>\n\n\n\n<p style=\"font-size:28px\"><span class=\"has-inline-color has-vivid-red-color\"><strong>Nos Brevets 2023<\/strong><\/span><\/p>\n\n\n\n<p class=\"has-normal-font-size\"><span class=\"has-inline-color has-black-color\">En 2023, notre club a fi\u00e8rement re\u00e7u 3 labels: \u00ab&nbsp;Initiation&nbsp;\u00bb,  \u00ab&nbsp;Formation Natation \u00bb et  \u00ab&nbsp;Performance Natation&nbsp;\u00bb<\/span><\/p>\n\n\n\n<div class=\"wp-block-columns is-layout-flex wp-container-core-columns-is-layout-9d6595d7 wp-block-columns-is-layout-flex\">\n<div class=\"wp-block-column is-layout-flow wp-block-column-is-layout-flow\">\n<figure class=\"wp-block-image size-large\"><img loading=\"lazy\" decoding=\"async\" width=\"501\" height=\"480\" src=\"https:\/\/www.liegenatation.be\/Web\/wp-content\/uploads\/2023\/08\/Label-etoile-5.jpg\" alt=\"\" class=\"wp-image-20994\" srcset=\"http:\/\/www.liegenatation.be\/Web\/wp-content\/uploads\/2023\/08\/Label-etoile-5.jpg 501w, http:\/\/www.liegenatation.be\/Web\/wp-content\/uploads\/2023\/08\/Label-etoile-5-300x287.jpg 300w\" sizes=\"auto, (max-width: 501px) 100vw, 501px\" \/><\/figure>\n<\/div>\n\n\n\n<div class=\"wp-block-column is-layout-flow wp-block-column-is-layout-flow\">\n<figure class=\"wp-block-image size-large\"><img loading=\"lazy\" decoding=\"async\" width=\"501\" height=\"480\" src=\"https:\/\/www.liegenatation.be\/Web\/wp-content\/uploads\/2023\/08\/Label-Formation-2023-Nat.-1.jpg\" alt=\"\" class=\"wp-image-20995\" srcset=\"http:\/\/www.liegenatation.be\/Web\/wp-content\/uploads\/2023\/08\/Label-Formation-2023-Nat.-1.jpg 501w, http:\/\/www.liegenatation.be\/Web\/wp-content\/uploads\/2023\/08\/Label-Formation-2023-Nat.-1-300x287.jpg 300w\" sizes=\"auto, (max-width: 501px) 100vw, 501px\" \/><\/figure>\n<\/div>\n\n\n\n<div class=\"wp-block-column is-layout-flow wp-block-column-is-layout-flow\">\n<figure class=\"wp-block-image size-large\"><img loading=\"lazy\" decoding=\"async\" width=\"501\" height=\"480\" src=\"https:\/\/www.liegenatation.be\/Web\/wp-content\/uploads\/2023\/08\/Label-Performance-2023-Nat.-1.jpg\" alt=\"\" class=\"wp-image-20996\" srcset=\"http:\/\/www.liegenatation.be\/Web\/wp-content\/uploads\/2023\/08\/Label-Performance-2023-Nat.-1.jpg 501w, http:\/\/www.liegenatation.be\/Web\/wp-content\/uploads\/2023\/08\/Label-Performance-2023-Nat.-1-300x287.jpg 300w\" sizes=\"auto, (max-width: 501px) 100vw, 501px\" \/><\/figure>\n<\/div>\n<\/div>\n\n\n\n<div style=\"height:50px\" aria-hidden=\"true\" class=\"wp-block-spacer\"><\/div>\n","protected":false},"excerpt":{"rendered":"<p>Les cours se donnent \u00e0 la piscine de Crisn\u00e9e mais aussi \u00e0 la piscine d&#8217;Ans. Nos Brevets 2023 En 2023, notre club a fi\u00e8rement re\u00e7u 3 labels: \u00ab&nbsp;Initiation&nbsp;\u00bb, \u00ab&nbsp;Formation Natation &hellip; <\/p>\n<p class=\"link-more\"><a href=\"http:\/\/www.liegenatation.be\/Web\/ecole-de-natation-2\/\" class=\"more-link\">Continuer la lecture<span class=\"screen-reader-text\"> de &laquo;&nbsp;Ecole de Natation&nbsp;&raquo;<\/span><\/a><\/p>\n","protected":false},"author":2,"featured_media":0,"parent":0,"menu_order":0,"comment_status":"closed","ping_status":"closed","template":"","meta":{"ngg_post_thumbnail":0,"footnotes":""},"class_list":["post-19478","page","type-page","status-publish","hentry"],"_links":{"self":[{"href":"http:\/\/www.liegenatation.be\/Web\/wp-json\/wp\/v2\/pages\/19478","targetHints":{"allow":["GET"]}}],"collection":[{"href":"http:\/\/www.liegenatation.be\/Web\/wp-json\/wp\/v2\/pages"}],"about":[{"href":"http:\/\/www.liegenatation.be\/Web\/wp-json\/wp\/v2\/types\/page"}],"author":[{"embeddable":true,"href":"http:\/\/www.liegenatation.be\/Web\/wp-json\/wp\/v2\/users\/2"}],"replies":[{"embeddable":true,"href":"http:\/\/www.liegenatation.be\/Web\/wp-json\/wp\/v2\/comments?post=19478"}],"version-history":[{"count":20,"href":"http:\/\/www.liegenatation.be\/Web\/wp-json\/wp\/v2\/pages\/19478\/revisions"}],"predecessor-version":[{"id":22297,"href":"http:\/\/www.liegenatation.be\/Web\/wp-json\/wp\/v2\/pages\/19478\/revisions\/22297"}],"wp:attachment":[{"href":"http:\/\/www.liegenatation.be\/Web\/wp-json\/wp\/v2\/media?parent=19478"}],"curies":[{"name":"wp","href":"https:\/\/api.w.org\/{rel}","templated":true}]}}