{"id":607,"date":"2011-08-19T20:52:52","date_gmt":"2011-08-19T20:52:52","guid":{"rendered":"http:\/\/localhost:8888\/Essai\/?page_id=607"},"modified":"2011-08-19T20:52:52","modified_gmt":"2011-08-19T20:52:52","slug":"resultats-2","status":"publish","type":"page","link":"http:\/\/www.liegenatation.be\/Web\/resultats-2\/","title":{"rendered":"R\u00e9sultats"},"content":{"rendered":"<p><strong><span style=\"text-decoration: underline;\">Saison 2011 + Saison 2012<\/span><\/strong><\/p>\n<ul>\n<li><strong>R\u00e9sultats F\u00eate d&#8217;Automne &#8211; Mosan &#8211; 09\/10\/2011 : \u00a0<\/strong><a title=\"R\u00e9sultats\" href=\"http:\/\/www.mosan.be\/images\/compet\/resultats_fete_automne_111009.pdf\">R\u00e9sultats<\/a><\/li>\n<\/ul>\n<ul>\n<li><strong>R\u00e9sultats Meeting de Bruxelles &#8211; 14-16\/10\/2011 : \u00a0\u00a0<\/strong><a href=\"http:\/\/www.cnba.be\/AA\/resultats\/2011\/10\/2011_10_14-15-16_Meeting_Atomium.pdf\">R\u00e9sultats<\/a>\u00a0 \u00a0+ \u00a0\u00a0<a href=\"https:\/\/picasaweb.google.com\/111371991001152350528\/MeetingDeLAtomium2011?authkey=Gv1sRgCL_rrt-Lr-6qag\">Photos<\/a><\/li>\n<\/ul>\n<ul>\n<li><strong>R\u00e9sultats Challenge Burny &#8211; 5-6\/11\/2011 : \u00a0\u00a0<\/strong><a href=\"http:\/\/cnsn.be\/wp-content\/uploads\/2011\/10\/R%C3%A9sultats-BURNY-2011-complet.pdf\">R\u00e9sultats<\/a><\/li>\n<\/ul>\n<ul>\n<li><strong>R\u00e9sultats Interclubs de Rouen (France) &#8211; 5\/11\/2011 : \u00a0 \u00a0<\/strong><a href=\"http:\/\/www.facebook.com\/l.php?u=http%3A%2F%2Fnormandie.ffnatation.fr%2Frsc%2F1584%2Ffichiers%2Fdossiers%2F566.pdf&amp;h=KAQEk4CtV\">Interclubs<\/a><\/li>\n<\/ul>\n<ul>\n<li><strong>R\u00e9sultats Challenge Speedo &#8211; 11\/11\/2011 : \u00a0 \u00a0\u00a0<\/strong><a href=\"http:\/\/www.liegenatation.be\/Web\/wp-content\/uploads\/2011\/11\/uitslag-speedo-challenge-20111.pdf\">R\u00e9sultats<\/a><\/li>\n<\/ul>\n<p>&nbsp;<\/p>\n<p><strong>R\u00e9sultats F\u00eate des 200m de Herve &#8211; 13\/11\/2011 :<\/strong><br \/>\n<a href=\"http:\/\/www.liegenatation.be\/Web\/wp-content\/uploads\/2011\/08\/r\u00e9sultats-Herve2.pdf\">r\u00e9sultats Herve<\/a><\/p>\n<p>&nbsp;<\/p>\n<p><strong>R\u00e9sultats Comp\u00e9tition de Crisn\u00e9e\u00a025-26\/11\/2011 :<\/strong><\/p>\n<p><a href=\"http:\/\/www.liegenatation.be\/Web\/wp-content\/uploads\/2011\/08\/resultats-vendredi-soir.pdf\">resultats vendredi soir<\/a><\/p>\n<p><a href=\"http:\/\/www.liegenatation.be\/Web\/wp-content\/uploads\/2011\/08\/resultats-meeting-2011-LGN1.pdf\">resultats meeting 2011 LGN<\/a><\/p>\n<p>&nbsp;<\/p>\n<p><strong>R\u00e9sultats F\u00eate de la derni\u00e8re chance &#8211; Huy &#8211; 18\/12\/2011 :<\/strong><\/p>\n<p><a href=\"http:\/\/www.liegenatation.be\/Web\/wp-content\/uploads\/2011\/08\/CNHUY_20111218_RESULTATS.pdf\">r\u00e9sultats Huy<\/a><\/p>\n<p><strong>R\u00e9sultats District A &#8211; Wanze &#8211; 08\/01\/2012 :<\/strong><\/p>\n<p><strong><a href=\"http:\/\/www.liegenatation.be\/Web\/wp-content\/uploads\/2011\/08\/R\u00c3\u00a9sultats-1\u00c3\u00a8re-journ\u00c3\u00a9e-District-A-2012.pdf\">r\u00e9sultats Wanze<\/a><\/strong><\/p>\n<p><strong>R\u00e9sultats Eliminatoires Challenge George &#8211; 15\/01\/2012 :<\/strong><\/p>\n<p><a href=\"http:\/\/www.liegenatation.be\/Web\/wp-content\/uploads\/2011\/08\/resultat_qualif_george_2012_liege.pdf\">lien<\/a><\/p>\n<p><strong>R\u00e9sultats Championnats francophones Open Seraing &#8211; 04-05\/02\/2012 :<\/strong><\/p>\n<p><a href=\"http:\/\/www.esn-seraing.be\/CF2012\/index.html\">lien<\/a><\/p>\n<p><strong>R\u00e9sultats Meeting de Dison &#8211; 19\/02\/2012 :<\/strong><\/p>\n<p><a href=\"http:\/\/www.liegenatation.be\/Web\/wp-content\/uploads\/2011\/08\/r\u00e9sultats-meeting-DWST.pdf\">r\u00e9sultats meeting DWST<\/a><\/p>\n<p><strong>R\u00e9sultats Finales Challenge Jules George 10\/03\/2012 :<\/strong><\/p>\n<p><a href=\"http:\/\/www.liegenatation.be\/Web\/wp-content\/uploads\/2011\/08\/finales_georges_2012.pdf\">lien<\/a><\/p>\n<p><strong>R\u00e9sultats Grand Prix de la R\u00e9gularit\u00e9 Verviers 18\/03\/2012 :<\/strong><\/p>\n<p><a href=\"http:\/\/www.liegenatation.be\/Web\/wp-content\/uploads\/2011\/08\/12-03-18-resultats.pdf\">lien<\/a><\/p>\n<p><strong>R\u00e9sultats Eliminatoires Challenge Dauven &#8211; 25\/03\/2012 :<\/strong><\/p>\n<p><a href=\"http:\/\/www.liegenatation.be\/Web\/wp-content\/uploads\/2011\/08\/2012-03-25-Eliminatoires-Dauven-R\u00c3\u00a9sultats1.pdf\">lien<\/a><\/p>\n<p><strong>R\u00e9sultats Crit\u00e9rium des 100m FNCS &#8211; 01\/04\/2012 :<\/strong><\/p>\n<p><a href=\"http:\/\/www.liegenatation.be\/Web\/wp-content\/uploads\/2011\/08\/Resultats_FNCS_01042012.pdf\">lien<\/a><\/p>\n<p><strong>R\u00e9sultats Finales Challenge Dauven &#8211; 22\/04\/2012 :<\/strong><\/p>\n<p><a href=\"http:\/\/www.liegenatation.be\/Web\/wp-content\/uploads\/2011\/08\/r\u00e9sultats-dauven.pdf\">r\u00e9sultats dauven<\/a><\/p>\n<p><strong>R\u00e9sultats GPICF La Louvi\u00e8re &#8211; 27-29\/04\/2012 :<\/strong><\/p>\n<p>consultez le site <a href=\"http:\/\/www.ffbn.be\">www.ffbn.be<\/a> pour les r\u00e9sultats complets du GPICF, course par course<\/p>\n<p><strong>R\u00e9sultats F\u00eate du Printemps Huy &#8211; 06\/05\/2012 :<\/strong><\/p>\n<p><a href=\"http:\/\/www.liegenatation.be\/Web\/wp-content\/uploads\/2011\/08\/CNHUY_20120506_RESULTATS.pdf\">Huy 06-05-2012 r\u00e9sultats<\/a><\/p>\n<p><strong>R\u00e9sultats F\u00eate de Crisn\u00e9e &#8211; 02\/06\/2012 :<\/strong><\/p>\n<p><a href=\"http:\/\/www.liegenatation.be\/Web\/wp-content\/uploads\/2011\/08\/r\u00e9sultats-LGN-du-2-6-2012.pdf\">r\u00e9sultats LGN du 2-6-2012<\/a><\/p>\n<p><strong>R\u00e9sultats F\u00eate d&#8217;Et\u00e9 &#8211; Herve &#8211; 24\/06\/2012 :<\/strong><\/p>\n<p><a href=\"http:\/\/www.liegenatation.be\/Web\/wp-content\/uploads\/2011\/08\/resultatsnch240612.pdf\">lien<\/a><\/p>\n<p><strong>R\u00e9sultats Championnats de Belgique 11-14 ans &#8211; Genk &#8211; 20-22\/07\/2012 :<\/strong><\/p>\n<p><a href=\"http:\/\/www.belswim.be\/uploads\/files\/SWIresultsCBCATWE1Genk2012fr.pdf\">lien<\/a><\/p>\n<p><strong>R\u00e9sultats Championnats de Belgique Open &#8211; Anvers &#8211; 27-29\/07\/2012 :<\/strong><\/p>\n<p><a href=\"http:\/\/www.belswim.be\/uploads\/files\/SWIresultsCBCATWE2Antwerp2012fr.pdf\">lien<\/a><\/p>\n<p><strong>SAISON 2012-2013<\/strong><\/p>\n<p><strong>R\u00e9sultats Interdistrict Tournai &#8211; 30\/09\/2012 :<\/strong><\/p>\n<p><a href=\"http:\/\/www.liegenatation.be\/Web\/wp-content\/uploads\/2011\/08\/120930-r\u00c3\u00a9sultats-interdistrict.pdf\">lien<\/a><\/p>\n<p><strong>Grand Prix de Huy &#8211; 20\/10\/2012 :<\/strong><\/p>\n<p><a href=\"http:\/\/www.esn-seraing.be\/files\/20121020CNHUYcomp.669.pdf\">lien<\/a><\/p>\n<p><strong>F\u00eate des 200 m\u00e8tres Herve &#8211; 04\/11\/2012 :<\/strong><\/p>\n<p><a href=\"http:\/\/www.liegenatation.be\/Web\/wp-content\/uploads\/2011\/08\/resultatsnch041112.pdf\">lien<\/a><\/p>\n<p><strong>District A &#8211; Huy &#8211; 18\/11\/2012 :<\/strong><\/p>\n<p><a href=\"http:\/\/www.liegenatation.be\/Web\/wp-content\/uploads\/2011\/08\/CNHUY_20121118_RESULATS.pdf\">lien<\/a><\/p>\n<p><strong>Meeting de Crisn\u00e9e &#8211; 30\/11-01\/12\/2012 :<\/strong><\/p>\n<p><a href=\"http:\/\/www.liegenatation.be\/Web\/wp-content\/uploads\/2011\/08\/r\u00e9sultats-complets.pdf\">r\u00e9sultats complets<\/a><\/p>\n<p><strong>F\u00eate de la derni\u00e8re chance Huy &#8211; 16\/12\/2012 :<\/strong><\/p>\n<p><a href=\"http:\/\/www.liegenatation.be\/Web\/wp-content\/uploads\/2011\/08\/CNHUY_20121216_RESULTATS.pdf\">r\u00e9sultats<\/a><\/p>\n<p><strong>Eliminatoires du Challenge George &#8211; 13\/01\/2013 :<\/strong><\/p>\n<p><a href=\"http:\/\/www.mosan.be\/images\/news\/pdf_cliqu_1358193704.pdf\">r\u00e9sultats<\/a><\/p>\n<p><strong>Championnats Francophones Jeunes 26\/27\/01\/2013<\/strong><\/p>\n<p><a href=\"http:\/\/www.ffbn.be\/images\/PDF\/Natation\/compet_ffbn\/Resultats_CF_Jeunes_2013.pdf\"><span style=\"color: #0000ff;\">r\u00e9sultats<\/span><\/a><\/p>\n<p><strong>Championnats Francophones Open 2\/3\/02\/2013<\/strong><\/p>\n<p><a href=\"http:\/\/www.ffbn.be\/images\/PDF\/Natation\/compet_ffbn\/Resultats_eliminatoires_CF_OPEN_2013.pdf\"><span style=\"color: #0000ff;\">r\u00e9sultats \u00e9liminatoires<\/span><\/a><\/p>\n<p><a href=\"http:\/\/www.ffbn.be\/images\/PDF\/Natation\/compet_ffbn\/resultats_finales_CF_OPEN_2013.pdf\"><span style=\"color: #0000ff;\">r\u00e9sultats des finales<\/span><\/a><\/p>\n<p><strong>Meeting d&#8217;Hiver DWST 24\/02\/2013<\/strong><\/p>\n<p><a href=\"http:\/\/www.liegenatation.be\/Web\/wp-content\/uploads\/2013\/02\/r%C3%A9sultats-complets.pdf\"><span style=\"text-decoration: underline;\"><span style=\"color: #0000ff; text-decoration: underline;\">r\u00e9sultats<\/span><\/span><\/a><\/p>\n<p><strong>Eliminatoires du Challenge Dauven \u00a017\/03\/2013<\/strong><\/p>\n<p><a href=\"http:\/\/www.liegenatation.be\/Web\/wp-content\/uploads\/2013\/03\/2013-03-17-CHTHN-Dauven-R%C3%A9sultats.pdf\"><span style=\"color: #0000ff;\">r\u00e9sultats<\/span><\/a><\/p>\n<p><strong>Grand prix de la Ville de Seraing 22\/23\/24\/03\/2013<\/strong><\/p>\n<p><a href=\"http:\/\/www.esn-seraing.be\/GPVS\/RESULTS\/index.html\"><span style=\"color: #0000ff;\">r\u00e9sultats<\/span><\/a><\/p>\n<p><strong><span style=\"color: #000000;\">Grand Prix Herv\u00e9 Rigot \u00e0 Waremme 14\/04\/2013<\/span><\/strong><\/p>\n<p><span style=\"color: #0000ff;\"><a href=\"http:\/\/www.liegenatation.be\/Web\/wp-content\/uploads\/2013\/04\/RESULTATS-GRAND-PRIX-HERVE-RIGOT.pdf\"><span style=\"color: #0000ff;\">r\u00e9sultats<\/span><\/a><\/span><\/p>\n<p><strong>GPICF 19\/20\/21\/04\/2013<\/strong><\/p>\n<p><a href=\"http:\/\/www.ffbn.be\/images\/PDF\/Natation\/compet_ffbn\/resultGPICF\/RESULT_COMPLET_GPICF_2013.pdf\"><span style=\"color: #0000ff;\">r\u00e9sultats<\/span><\/a><\/p>\n<p><strong>Challenge de la Jeunesse (GPICF) 20\/21\/04\/2013<\/strong><\/p>\n<p><a href=\"http:\/\/www.ffbn.be\/images\/PDF\/Natation\/compet_ffbn\/resultGPICF\/RESULTAT_COMPLET_Challenge_jeunesse_2013.pdf\"><span style=\"color: #0000ff;\">r\u00e9sultats<\/span><\/a><\/p>\n<p><strong>Finales du Dauven 01\/05\/2013<\/strong><\/p>\n<p><a href=\"http:\/\/www.liegenatation.be\/Web\/wp-content\/uploads\/2013\/05\/R%C3%A9sultats-Dauven-2013.pdf\"><span style=\"color: #0000ff;\">r\u00e9sultats<\/span><\/a><\/p>\n<p><strong>F\u00eate du printemps \u00e0 Huy 05\/05\/2013<\/strong><\/p>\n<p><a href=\"http:\/\/www.liegenatation.be\/Web\/wp-content\/uploads\/2013\/05\/CNHUY_20130505_RESULTATS.pdf\"><span style=\"color: #0000ff;\">r\u00e9sultats<\/span><\/a><\/p>\n<p><strong>Spring Meet Chaudfontaine 09\/05\/2013<\/strong><\/p>\n<p><a href=\"http:\/\/www.liegenatation.be\/Web\/wp-content\/uploads\/2013\/05\/2013-05-09-R%C3%A9sultats-Chaudfontaine.pdf\"><span style=\"color: #0000ff;\">r\u00e9sultats<\/span><\/a><\/p>\n<p><strong>Championnats de Belgique Open 18\/19\/20\/05\/2013<\/strong><\/p>\n<p><a href=\"http:\/\/www.liegenatation.be\/Web\/wp-content\/uploads\/2013\/05\/cbbkday1AMf.pdf\"><span style=\"color: #0000ff;\">r\u00e9sultats des s\u00e9ries du 18<\/span><\/a><\/p>\n<p><a href=\"http:\/\/www.liegenatation.be\/Web\/wp-content\/uploads\/2013\/05\/cbbkday1pmf.pdf\"><span style=\"color: #0000ff;\">r\u00e9sultats des finales du 18<\/span><\/a><\/p>\n<p><a href=\"http:\/\/www.liegenatation.be\/Web\/wp-content\/uploads\/2013\/05\/cbbkday2AMf.pdf\"><span style=\"color: #0000ff;\">r\u00e9sultats des s\u00e9ries du 19<\/span><\/a><\/p>\n<p><a href=\"http:\/\/www.liegenatation.be\/Web\/wp-content\/uploads\/2013\/05\/cbbkday2pmf.pdf\"><span style=\"color: #0000ff;\">r\u00e9sultats des finales du 19<\/span><\/a><\/p>\n<p><a href=\"http:\/\/www.liegenatation.be\/Web\/wp-content\/uploads\/2013\/05\/cbbkday3AMf.pdf\"><span style=\"color: #0000ff;\">r\u00e9sultats des s\u00e9ries du 20<\/span><\/a><\/p>\n<p><a href=\"http:\/\/www.liegenatation.be\/Web\/wp-content\/uploads\/2013\/05\/cbbkday3pmf.pdf\"><span style=\"color: #0000ff;\">r\u00e9sultats des finales du 20<\/span><\/a><\/p>\n<p><strong>Crisn\u00e9e 25\/05\/2013<\/strong><\/p>\n<p><a href=\"http:\/\/www.liegenatation.be\/Web\/wp-content\/uploads\/2013\/05\/r%C3%A9sultats-du-25-ami-2013-%C3%A0-Crisn%C3%A9e.pdf\"><span style=\"color: #0000ff;\">r\u00e9sultats<\/span><\/a><\/p>\n<p><strong>Comp\u00e9tition NCH 23\/06\/2013<\/strong><\/p>\n<p><a href=\"http:\/\/www.liegenatation.be\/Web\/wp-content\/uploads\/2013\/06\/R\u00e9sultats-NCH-23-06-13.pdf\"><span style=\"color: #0000ff;\">r\u00e9sultats<\/span><\/a><\/p>\n<p><strong>CB \u00e0 Genk 19-20-21 juillet 2013<\/strong><\/p>\n<p>r\u00e9sultats<\/p>\n<p><strong>CB \u00e0 Anvers 26-27-28 juillet 2013<\/strong><\/p>\n<p>&nbsp;<\/p>\n","protected":false},"excerpt":{"rendered":"<p>Saison 2011 + Saison 2012 R\u00e9sultats F\u00eate d&#8217;Automne &#8211; Mosan &#8211; 09\/10\/2011 : \u00a0R\u00e9sultats R\u00e9sultats Meeting de Bruxelles &#8211; 14-16\/10\/2011 : \u00a0\u00a0R\u00e9sultats\u00a0 \u00a0+ \u00a0\u00a0Photos R\u00e9sultats Challenge Burny &#8211; 5-6\/11\/2011 : &hellip; <\/p>\n<p class=\"link-more\"><a href=\"http:\/\/www.liegenatation.be\/Web\/resultats-2\/\" class=\"more-link\">Continuer la lecture<span class=\"screen-reader-text\"> de &laquo;&nbsp;R\u00e9sultats&nbsp;&raquo;<\/span><\/a><\/p>\n","protected":false},"author":2,"featured_media":0,"parent":0,"menu_order":27,"comment_status":"closed","ping_status":"open","template":"","meta":{"ngg_post_thumbnail":0,"footnotes":""},"class_list":["post-607","page","type-page","status-publish","hentry"],"_links":{"self":[{"href":"http:\/\/www.liegenatation.be\/Web\/wp-json\/wp\/v2\/pages\/607","targetHints":{"allow":["GET"]}}],"collection":[{"href":"http:\/\/www.liegenatation.be\/Web\/wp-json\/wp\/v2\/pages"}],"about":[{"href":"http:\/\/www.liegenatation.be\/Web\/wp-json\/wp\/v2\/types\/page"}],"author":[{"embeddable":true,"href":"http:\/\/www.liegenatation.be\/Web\/wp-json\/wp\/v2\/users\/2"}],"replies":[{"embeddable":true,"href":"http:\/\/www.liegenatation.be\/Web\/wp-json\/wp\/v2\/comments?post=607"}],"version-history":[{"count":0,"href":"http:\/\/www.liegenatation.be\/Web\/wp-json\/wp\/v2\/pages\/607\/revisions"}],"wp:attachment":[{"href":"http:\/\/www.liegenatation.be\/Web\/wp-json\/wp\/v2\/media?parent=607"}],"curies":[{"name":"wp","href":"https:\/\/api.w.org\/{rel}","templated":true}]}}