{"id":14197,"date":"2017-05-28T17:39:51","date_gmt":"2017-05-28T15:39:51","guid":{"rendered":"http:\/\/www.liegenatation.be\/Web\/?page_id=14197"},"modified":"2026-04-05T21:40:09","modified_gmt":"2026-04-05T19:40:09","slug":"cours-collectifs","status":"publish","type":"page","link":"https:\/\/www.liegenatation.be\/Web\/cours-collectifs\/","title":{"rendered":"Cours collectifs"},"content":{"rendered":"\n<p style=\"font-size:28px\"><strong><mark style=\"background-color:rgba(0, 0, 0, 0)\" class=\"has-inline-color has-vivid-red-color\">Horaire de P\u00e2ques <\/mark><\/strong><\/p>\n\n\n\n<p style=\"font-size:16px\"><mark style=\"background-color:rgba(0, 0, 0, 0)\" class=\"has-inline-color has-black-color\">Les cours sont suspendus le lundi de P\u00e2ques, <strong>lundi 6 avril<\/strong>.<\/mark><\/p>\n\n\n\n<p><mark style=\"background-color:rgba(0, 0, 0, 0)\" class=\"has-inline-color has-black-color\"><strong>Vacances de Printemps:<\/strong><br>&#8211; Les cours se donnent normalement aux heures habituelles le <strong>samedi 25 avril<\/strong> (premier samedi des vacances)<br>&#8211; Tous les autres jours les cours sont suspendus (du <strong>27 avril au samedi 10 mai inclus<\/strong>)<\/mark><\/p>\n\n\n\n<p style=\"font-size:28px\"><strong><mark style=\"background-color:rgba(0, 0, 0, 0)\" class=\"has-inline-color has-vivid-red-color\">Autres dates \u00e0 retenir<\/mark><\/strong><\/p>\n\n\n\n<p style=\"font-size: 16px;\"><mark class=\"has-inline-color has-black-color\" style=\"background-color: rgba(0, 0, 0, 0);\"><strong>Lundi 25 mai&nbsp;:<\/strong> lundi de Pentec\u00f4te&nbsp;: cours suspendus.<\/mark><br><mark class=\"has-inline-color has-black-color\" style=\"background-color: rgba(0, 0, 0, 0);\"><strong>Samedi 30 mai : <\/strong>comp\u00e9tition du club : cours suspendus, entr\u00e9e<br>gratuite sur pr\u00e9sentation de votre carte de membre<\/mark>.<br><mark class=\"has-inline-color has-black-color\" style=\"background-color: rgba(0, 0, 0, 0);\"><strong>Samedi 13 juin&nbsp;:<\/strong> date limite pour la remise des bons de r\u00e9inscription pour la saison 2026-2027 (vous recevrez les renseignements d\u00e9but juin).<br><strong>Samedi 27 juin&nbsp;:<\/strong> brevets et horaire pour la saison prochaine<br><strong>Lundi 29 juin et mercredi 1 juillet&nbsp;: <\/strong>remise des brevets et jeux aux heures habituelles. Derni\u00e8res s\u00e9ances de la saison.<\/mark><\/p>\n\n\n\n<div style=\"height:50px\" aria-hidden=\"true\" class=\"wp-block-spacer\"><\/div>\n\n\n\n<p style=\"font-size:28px\"><span class=\"has-inline-color has-vivid-red-color\"><strong>Saison 2025-26: les tarifs<\/strong><\/span><\/p>\n\n\n\n<p><mark style=\"background-color:rgba(0, 0, 0, 0)\" class=\"has-inline-color has-black-color\">Pour la saison 2025-2026, les tarifs ont d\u00fb \u00eatre adapt\u00e9s apr\u00e8s \u00eatre rest\u00e9s inchang\u00e9s depuis 2022.<\/mark><\/p>\n\n\n\n<ul class=\"wp-block-list\">\n<li><mark style=\"background-color:rgba(0, 0, 0, 0)\" class=\"has-inline-color has-black-color\"><strong>135 euros<\/strong> \u00e0 r\u00e9gler \u00e0 l\u2019inscription le 1er septembre 2025 ou le 3 septembre 2025 selon votre horaire au comptoir du club. Ce montant comprend les frais d\u2019assurance, d\u2019inscription ainsi que les mois de septembre et octobre.<\/mark><\/li>\n\n\n\n<li><mark style=\"background-color:rgba(0, 0, 0, 0)\" class=\"has-inline-color has-black-color\">Un ordre permanent de 8<strong> X 49 &nbsp;&nbsp;&nbsp;euros<\/strong> (pour les mois de novembre \u00e0 juin).<\/mark><\/li>\n<\/ul>\n\n\n\n<p style=\"font-size:16px\"><mark style=\"background-color:rgba(0, 0, 0, 0)\" class=\"has-inline-color has-black-color\">Remarque: r\u00e9duction (10%) pour 3 enfants inscrits de la m\u00eame famille : 122 euros par enfant( ex&nbsp;: 366\u20ac pour 3 enfants) \u00e0 l\u2019inscription et un ordre permanent de 8 X 44 euros par enfant (ex&nbsp;:132 \u20ac pour 3 enfants).<\/mark><\/p>\n\n\n\n<p style=\"font-size:20px\"><\/p>\n\n\n\n<p style=\"font-size:16px\"><mark style=\"background-color:rgba(0, 0, 0, 0)\" class=\"has-inline-color has-black-color\">Pour tous les renseignements, voyez Brigitte au bureau ou un moniteur.<\/mark><\/p>\n\n\n\n<p style=\"font-size:16px\"><mark style=\"background-color:rgba(0, 0, 0, 0)\" class=\"has-inline-color has-black-color\">Toute l\u2019\u00e9quipe de Li\u00e8ge Natation vous remercie de la confiance que vous lui avez accord\u00e9e tout au long de cette saison et vous donne rendez-vous en septembre.<\/mark><\/p>\n\n\n\n<div style=\"height:50px\" aria-hidden=\"true\" class=\"wp-block-spacer\"><\/div>\n\n\n\n<p style=\"font-size:28px\"><span class=\"has-inline-color has-vivid-red-color\"><strong>Les cours collectifs (d\u00e8s 4 ans)<\/strong><\/span><\/p>\n\n\n\n<p class=\"has-normal-font-size\"><span class=\"has-inline-color has-black-color\">A Crisn\u00e9e, ils se donnent 2 x 30 minutes par semaine&nbsp;: soit le lundi et le samedi, soit le mercredi et le samedi. <\/span><\/p>\n\n\n\n<p class=\"has-normal-font-size\"><span class=\"has-inline-color has-black-color\">Par exemple : les enfants du groupe du lundi 17h30 viennent le samedi \u00e0 8h30; ceux du groupe du lundi 18h viennent le samedi \u00e0 9h. Les enfants du groupe du mercredi 17h30 viennent le samedi \u00e0 10h30; ceux du mercredi 18h viennent le samedi \u00e0 11h.<br>Tous nos groupes sont des groupes de niveau. En ce qui concerne l\u2019acclimatation, le nombre des enfants est limit\u00e9 \u00e0 10 maximum.<\/span><\/p>\n\n\n\n<p class=\"has-normal-font-size\"><span class=\"has-inline-color has-black-color\"><strong>Pour les adultes<\/strong>, les cours se donnent le lundi de 20h \u00e0 21h<\/span>.<br><mark style=\"background-color:rgba(0, 0, 0, 0)\" class=\"has-inline-color has-black-color\">Savoir nager une longueur&nbsp;: 95 euros + 8 X 31 euros<\/mark>.<\/p>\n\n\n\n<div style=\"height:50px\" aria-hidden=\"true\" class=\"wp-block-spacer\"><\/div>\n\n\n\n<p style=\"font-size:28px\"><span class=\"has-inline-color has-vivid-red-color\"><strong>Cours Master, swimrun, triathlon<\/strong><\/span><\/p>\n\n\n\n<p><span class=\"has-inline-color has-black-color\">Nous avons lanc\u00e9 en septembre 2023 un nouveau groupe Master, swimrun, triathlon.<\/span><\/p>\n\n\n\n<p><span class=\"has-inline-color has-black-color\">Le cours se tient le mercredi de 20h \u00e0 21h et est dirig\u00e9 par Els Gitsels.<br>Ce groupe est destin\u00e9 aux personnes qui se sont fix\u00e9es un objectif de participation \u00e0 un swimrun, un triathlon, une comp\u00e9tition masters ou un \u00e9v\u00e8nement avec une partie natation.<br>Cet entra\u00eenement est organis\u00e9 \u00e0 partir de 12 personnes inscrites.<\/span><\/p>\n\n\n\n<p><span class=\"has-inline-color has-black-color\">Tarif&nbsp;:<br>&#8211; 95 euros \u00e0 r\u00e9gler \u00e0 l\u2019inscription au comptoir du club. Ce montant comprend les frais d\u2019assurance, d\u2019inscription ainsi que les mois de septembre et octobre.<br>&#8211; Un ordre permanent de 8 X 31 euros (pour les mois de novembre \u00e0 juin).<\/span><\/p>\n\n\n\n<div style=\"height:50px\" aria-hidden=\"true\" class=\"wp-block-spacer\"><\/div>\n","protected":false},"excerpt":{"rendered":"<p>Horaire de P\u00e2ques Les cours sont suspendus le lundi de P\u00e2ques, lundi 6 avril. Vacances de Printemps:&#8211; Les cours se donnent normalement aux heures habituelles le samedi 25 avril (premier &hellip; <\/p>\n<p class=\"link-more\"><a href=\"https:\/\/www.liegenatation.be\/Web\/cours-collectifs\/\" class=\"more-link\">Continuer la lecture<span class=\"screen-reader-text\"> de &laquo;&nbsp;Cours collectifs&nbsp;&raquo;<\/span><\/a><\/p>\n","protected":false},"author":2,"featured_media":0,"parent":0,"menu_order":9,"comment_status":"closed","ping_status":"closed","template":"","meta":{"ngg_post_thumbnail":0,"footnotes":""},"class_list":["post-14197","page","type-page","status-publish","hentry"],"_links":{"self":[{"href":"https:\/\/www.liegenatation.be\/Web\/wp-json\/wp\/v2\/pages\/14197","targetHints":{"allow":["GET"]}}],"collection":[{"href":"https:\/\/www.liegenatation.be\/Web\/wp-json\/wp\/v2\/pages"}],"about":[{"href":"https:\/\/www.liegenatation.be\/Web\/wp-json\/wp\/v2\/types\/page"}],"author":[{"embeddable":true,"href":"https:\/\/www.liegenatation.be\/Web\/wp-json\/wp\/v2\/users\/2"}],"replies":[{"embeddable":true,"href":"https:\/\/www.liegenatation.be\/Web\/wp-json\/wp\/v2\/comments?post=14197"}],"version-history":[{"count":96,"href":"https:\/\/www.liegenatation.be\/Web\/wp-json\/wp\/v2\/pages\/14197\/revisions"}],"predecessor-version":[{"id":24558,"href":"https:\/\/www.liegenatation.be\/Web\/wp-json\/wp\/v2\/pages\/14197\/revisions\/24558"}],"wp:attachment":[{"href":"https:\/\/www.liegenatation.be\/Web\/wp-json\/wp\/v2\/media?parent=14197"}],"curies":[{"name":"wp","href":"https:\/\/api.w.org\/{rel}","templated":true}]}}