{"id":18042,"date":"2021-10-21T09:39:16","date_gmt":"2021-10-21T07:39:16","guid":{"rendered":"http:\/\/www.liegenatation.be\/Web\/?page_id=18042"},"modified":"2021-11-27T21:54:17","modified_gmt":"2021-11-27T20:54:17","slug":"competition-crisnee-26-et-27-novembre","status":"publish","type":"page","link":"https:\/\/www.liegenatation.be\/Web\/competition-crisnee-26-et-27-novembre\/","title":{"rendered":"Comp\u00e9tition Crisn\u00e9e 26 et 27 novembre"},"content":{"rendered":"\n<p class=\"has-normal-font-size\"><span class=\"has-inline-color has-black-color\">Notre meeting de fin d\u2019ann\u00e9e s&#8217;est d\u00e9roul\u00e9 ces <strong>vendredi 26 et samedi 27 novembre 2021<\/strong>. Il a permis \u00e0 plusieurs de nos nageurs de confirmer les progr\u00e8s enregistr\u00e9s au fil des derni\u00e8res semaines (nous y reviendrons en ce d\u00e9but de semaine). Une galerie photos sera \u00e9galement mise en ligne dans les prochains jours. <\/span><\/p>\n\n\n\n<div class=\"wp-block-file\"><a href=\"http:\/\/www.liegenatation.be\/Web\/wp-content\/uploads\/2021\/11\/Resultats-du-vendredi.pdf\" target=\"_blank\" rel=\"noreferrer noopener\"><span class=\"has-inline-color has-vivid-cyan-blue-color\"><strong>R\u00e9sultats complets du vendredi<\/strong><\/span><\/a><a href=\"http:\/\/www.liegenatation.be\/Web\/wp-content\/uploads\/2021\/11\/Resultats-du-vendredi.pdf\" class=\"wp-block-file__button\" download>T\u00e9l\u00e9charger<\/a><\/div>\n\n\n\n<div class=\"wp-block-file\"><a href=\"http:\/\/www.liegenatation.be\/Web\/wp-content\/uploads\/2021\/11\/session-3-courses-13-a-23.pdf\" target=\"_blank\" rel=\"noreferrer noopener\"><span class=\"has-inline-color has-vivid-cyan-blue-color\"><strong>R\u00e9sultats du samedi (courses 13 \u00e0 23)<\/strong><\/span><\/a><a href=\"http:\/\/www.liegenatation.be\/Web\/wp-content\/uploads\/2021\/11\/session-3-courses-13-a-23.pdf\" class=\"wp-block-file__button\" download>T\u00e9l\u00e9charger<\/a><\/div>\n\n\n\n<div class=\"wp-block-file\"><a href=\"http:\/\/www.liegenatation.be\/Web\/wp-content\/uploads\/2021\/11\/session-4-courses-24-a-34.pdf\" target=\"_blank\" rel=\"noreferrer noopener\"><span class=\"has-inline-color has-vivid-cyan-blue-color\"><strong>R\u00e9sultats du samedi (courses 24 \u00e0 34)<\/strong><\/span><\/a><a href=\"http:\/\/www.liegenatation.be\/Web\/wp-content\/uploads\/2021\/11\/session-4-courses-24-a-34.pdf\" class=\"wp-block-file__button\" download>T\u00e9l\u00e9charger<\/a><\/div>\n\n\n\n<div class=\"wp-block-file\"><a href=\"http:\/\/www.liegenatation.be\/Web\/wp-content\/uploads\/2021\/11\/resultats-samedi-soir.pdf\" target=\"_blank\" rel=\"noreferrer noopener\"><span class=\"has-inline-color has-vivid-cyan-blue-color\"><strong>R\u00e9sultats du samedi (courses 35 \u00e0 44)<\/strong><\/span><\/a><a href=\"http:\/\/www.liegenatation.be\/Web\/wp-content\/uploads\/2021\/11\/resultats-samedi-soir.pdf\" class=\"wp-block-file__button\" download>T\u00e9l\u00e9charger<\/a><\/div>\n\n\n\n<p class=\"has-normal-font-size\"><span class=\"has-inline-color has-black-color\">Nous tenons \u00e0 remercier du fond du coeur tous les b\u00e9n\u00e9voles qui ont investi de leur temps et de leur \u00e9nergie pour que ce meeting soit une r\u00e9ussite malgr\u00e9 un contexte sanitaire compliquant fortement l&#8217;organisation g\u00e9n\u00e9rale<\/span>.<\/p>\n","protected":false},"excerpt":{"rendered":"<p>Notre meeting de fin d\u2019ann\u00e9e s&#8217;est d\u00e9roul\u00e9 ces vendredi 26 et samedi 27 novembre 2021. Il a permis \u00e0 plusieurs de nos nageurs de confirmer les progr\u00e8s enregistr\u00e9s au fil &hellip; <\/p>\n<p class=\"link-more\"><a href=\"https:\/\/www.liegenatation.be\/Web\/competition-crisnee-26-et-27-novembre\/\" class=\"more-link\">Continuer la lecture<span class=\"screen-reader-text\"> de &laquo;&nbsp;Comp\u00e9tition Crisn\u00e9e 26 et 27 novembre&nbsp;&raquo;<\/span><\/a><\/p>\n","protected":false},"author":2,"featured_media":0,"parent":0,"menu_order":0,"comment_status":"closed","ping_status":"closed","template":"","meta":{"ngg_post_thumbnail":0,"footnotes":""},"class_list":["post-18042","page","type-page","status-publish","hentry"],"_links":{"self":[{"href":"https:\/\/www.liegenatation.be\/Web\/wp-json\/wp\/v2\/pages\/18042","targetHints":{"allow":["GET"]}}],"collection":[{"href":"https:\/\/www.liegenatation.be\/Web\/wp-json\/wp\/v2\/pages"}],"about":[{"href":"https:\/\/www.liegenatation.be\/Web\/wp-json\/wp\/v2\/types\/page"}],"author":[{"embeddable":true,"href":"https:\/\/www.liegenatation.be\/Web\/wp-json\/wp\/v2\/users\/2"}],"replies":[{"embeddable":true,"href":"https:\/\/www.liegenatation.be\/Web\/wp-json\/wp\/v2\/comments?post=18042"}],"version-history":[{"count":14,"href":"https:\/\/www.liegenatation.be\/Web\/wp-json\/wp\/v2\/pages\/18042\/revisions"}],"predecessor-version":[{"id":18133,"href":"https:\/\/www.liegenatation.be\/Web\/wp-json\/wp\/v2\/pages\/18042\/revisions\/18133"}],"wp:attachment":[{"href":"https:\/\/www.liegenatation.be\/Web\/wp-json\/wp\/v2\/media?parent=18042"}],"curies":[{"name":"wp","href":"https:\/\/api.w.org\/{rel}","templated":true}]}}