{"id":18435,"date":"2022-01-30T15:08:12","date_gmt":"2022-01-30T14:08:12","guid":{"rendered":"http:\/\/www.liegenatation.be\/Web\/?page_id=18435"},"modified":"2025-01-16T16:40:00","modified_gmt":"2025-01-16T15:40:00","slug":"statistiques-du-district-lnl","status":"publish","type":"page","link":"https:\/\/www.liegenatation.be\/Web\/statistiques-du-district-lnl\/","title":{"rendered":"Statistiques du district LNL"},"content":{"rendered":"\n<p style=\"font-size:28px\"><strong><mark style=\"background-color:rgba(0, 0, 0, 0)\" class=\"has-inline-color has-vivid-red-color\">Statistiques 2024<\/mark><\/strong><\/p>\n\n\n\n<p style=\"font-size:16px\"><mark style=\"background-color:rgba(0, 0, 0, 0)\" class=\"has-inline-color has-black-color\">Vous trouverez ci-dessous les records de district LNL cl\u00f4tur\u00e9s au 31\/12\/2024 ainsi que les temps gardons et les temps requins pour 2025. <\/mark><\/p>\n\n\n\n<div class=\"wp-block-file\"><a id=\"wp-block-file--media-a1f7a6e5-80dd-4931-83ef-251f942fe00b\" href=\"https:\/\/www.liegenatation.be\/Web\/wp-content\/uploads\/2025\/01\/Records-District-L.N.L-2024.pdf\" target=\"_blank\" rel=\"noreferrer noopener\"><strong><mark style=\"background-color:rgba(0, 0, 0, 0)\" class=\"has-inline-color has-vivid-cyan-blue-color\">Records District L.N.L 2024<\/mark><\/strong><\/a><a href=\"https:\/\/www.liegenatation.be\/Web\/wp-content\/uploads\/2025\/01\/Records-District-L.N.L-2024.pdf\" class=\"wp-block-file__button wp-element-button\" download aria-describedby=\"wp-block-file--media-a1f7a6e5-80dd-4931-83ef-251f942fe00b\">T\u00e9l\u00e9charger<\/a><\/div>\n\n\n\n<div class=\"wp-block-file\"><a id=\"wp-block-file--media-3f29b0ea-2a29-4c17-8381-c80ccecda437\" href=\"https:\/\/www.liegenatation.be\/Web\/wp-content\/uploads\/2025\/01\/Temps-requin.pdf\" target=\"_blank\" rel=\"noreferrer noopener\"><strong><mark style=\"background-color:rgba(0, 0, 0, 0)\" class=\"has-inline-color has-vivid-cyan-blue-color\">Temps requins<\/mark><\/strong><\/a><a href=\"https:\/\/www.liegenatation.be\/Web\/wp-content\/uploads\/2025\/01\/Temps-requin.pdf\" class=\"wp-block-file__button wp-element-button\" download aria-describedby=\"wp-block-file--media-3f29b0ea-2a29-4c17-8381-c80ccecda437\">T\u00e9l\u00e9charger<\/a><\/div>\n\n\n\n<div class=\"wp-block-file\"><a id=\"wp-block-file--media-bfbafad0-a427-420d-b9ae-2ccc25c0c4a7\" href=\"https:\/\/www.liegenatation.be\/Web\/wp-content\/uploads\/2025\/01\/Temps-requins-reglementation.pdf\" target=\"_blank\" rel=\"noreferrer noopener\"><mark style=\"background-color:rgba(0, 0, 0, 0)\" class=\"has-inline-color has-vivid-cyan-blue-color\"><strong>Temps requins r\u00e8glementation<\/strong><\/mark><\/a><a href=\"https:\/\/www.liegenatation.be\/Web\/wp-content\/uploads\/2025\/01\/Temps-requins-reglementation.pdf\" class=\"wp-block-file__button wp-element-button\" download aria-describedby=\"wp-block-file--media-bfbafad0-a427-420d-b9ae-2ccc25c0c4a7\">T\u00e9l\u00e9charger<\/a><\/div>\n\n\n\n<div class=\"wp-block-file\"><a id=\"wp-block-file--media-630446b2-5db0-4ee6-bf16-46acf6fb06be\" href=\"https:\/\/www.liegenatation.be\/Web\/wp-content\/uploads\/2025\/01\/TEMPS-GARDONS-2025.pdf\" target=\"_blank\" rel=\"noreferrer noopener\"><strong><mark style=\"background-color:rgba(0, 0, 0, 0)\" class=\"has-inline-color has-vivid-cyan-blue-color\">Temps gardons<\/mark><\/strong><\/a><a href=\"https:\/\/www.liegenatation.be\/Web\/wp-content\/uploads\/2025\/01\/TEMPS-GARDONS-2025.pdf\" class=\"wp-block-file__button wp-element-button\" download aria-describedby=\"wp-block-file--media-630446b2-5db0-4ee6-bf16-46acf6fb06be\">T\u00e9l\u00e9charger<\/a><\/div>\n\n\n\n<div style=\"height:100px\" aria-hidden=\"true\" class=\"wp-block-spacer\"><\/div>\n\n\n\n<p style=\"font-size:28px\"><span class=\"has-inline-color has-vivid-red-color\"><strong>Statistiques 2023<\/strong><\/span><\/p>\n\n\n\n<p class=\"has-normal-font-size\"><span class=\"has-inline-color has-black-color\">Amateurs de chiffres, voici de quoi faire votre bonheur. Les statistiques du district LNL pour l\u2019ann\u00e9e 2023 ont \u00e9t\u00e9 publi\u00e9es.<\/span><\/p>\n\n\n\n<p class=\"has-normal-font-size\"><span class=\"has-inline-color has-black-color\">En plus des temps limites sur les diff\u00e9rentes courses et dans les diff\u00e9rentes cat\u00e9gories d\u2019\u00e2ge, on retrouve les chronos am\u00e9lior\u00e9s durant l\u2019ann\u00e9e \u00e9coul\u00e9e. Sans surprise, le nom de Lucas Henveaux, meilleur nageur belge actuel, y figure \u00e0 plusieurs reprises. On y trouve aussi ceux de Rapha\u00ebl Vanhecke, Grace Palmer, Florentin Lovens, Maxime Courtois et Cl\u00e9mence Bajot.<\/span><\/p>\n\n\n\n<p class=\"has-normal-font-size\"><span class=\"has-inline-color has-black-color\">Par \u00e9quipes, nos canetons gar\u00e7ons, nos canetons filles et nos seniors ont aussi progress\u00e9.&nbsp;<\/span><\/p>\n\n\n\n<div class=\"wp-block-file\"><a href=\"https:\/\/www.liegenatation.be\/Web\/wp-content\/uploads\/2024\/02\/Statistiques-duDistrict-LNL-complet-2023.pdf\" target=\"_blank\" rel=\"noreferrer noopener\"><span class=\"has-inline-color has-vivid-cyan-blue-color\"><strong>Statistiques district LNL 2023<\/strong><\/span><\/a><a href=\"https:\/\/www.liegenatation.be\/Web\/wp-content\/uploads\/2024\/02\/Statistiques-duDistrict-LNL-complet-2023.pdf\" class=\"wp-block-file__button wp-element-button\" download>T\u00e9l\u00e9charger<\/a><\/div>\n\n\n\n<div style=\"height:50px\" aria-hidden=\"true\" class=\"wp-block-spacer\"><\/div>\n\n\n\n<p style=\"font-size:28px\"><span class=\"has-inline-color has-vivid-red-color\"><strong>Statistiques 2022<\/strong><\/span><\/p>\n\n\n\n<p class=\"has-normal-font-size\"><span class=\"has-inline-color has-black-color\">Janvier est synonyme de nouvelle ann\u00e9e mais aussi de publication des statistiques du district Li\u00e8ge-Namur-Luxembourg. Les amateurs de chiffres vont de nouveau \u00eatre bien servis.<\/span><\/p>\n\n\n\n<p class=\"has-normal-font-size\"><span class=\"has-inline-color has-black-color\">Une fois de plus, nos nageurs ont am\u00e9lior\u00e9 un grand nombre de records. Les palmes (quoi de plus normal pour de la natation&#8230;) reviennent \u00e0 Lucas Henveaux chez les gar\u00e7ons et \u00e0 Ambre Franquinet chez les filles. Camille Henveaux, Florentin Lovens, Grace Palmer, Thomas Courbois et Cl\u00e9mence Bajot ont aussi inscrit leur nom sur les tablettes.<\/span><\/p>\n\n\n\n<p class=\"has-normal-font-size\"><span class=\"has-inline-color has-black-color\">Par \u00e9quipe, LGN s&#8217;est illustr\u00e9 \u00e9galement chez les cadets, les juniors et les s\u00e9niors.<\/span><\/p>\n\n\n\n<div class=\"wp-block-file\"><a href=\"https:\/\/www.liegenatation.be\/Web\/wp-content\/uploads\/2023\/01\/Statistiques-du-District-LNL-2022.pdf\" target=\"_blank\" rel=\"noreferrer noopener\"><span class=\"has-inline-color has-vivid-cyan-blue-color\"><strong>Statistiques district LNL 2022<\/strong><\/span><\/a><a href=\"https:\/\/www.liegenatation.be\/Web\/wp-content\/uploads\/2023\/01\/Statistiques-du-District-LNL-2022.pdf\" class=\"wp-block-file__button wp-element-button\" download>T\u00e9l\u00e9charger<\/a><\/div>\n\n\n\n<div style=\"height:50px\" aria-hidden=\"true\" class=\"wp-block-spacer\"><\/div>\n\n\n\n<p style=\"font-size:28px\"><span class=\"has-inline-color has-vivid-red-color\"><strong>Statistiques 2021<\/strong><\/span><\/p>\n\n\n\n<p class=\"has-normal-font-size\"><span class=\"has-inline-color has-black-color\">Comme chaque ann\u00e9e au mois de janvier, les statistiques du district Li\u00e8ge-Namur-Luxembourg viennent d&#8217;\u00eatre publi\u00e9es. L&#8217;occasion de voir que nos nageurs se sont mis en \u00e9vidence en 2021, avec de nombreux records battus.<\/span><\/p>\n\n\n\n<div class=\"wp-block-file\"><a href=\"http:\/\/www.liegenatation.be\/Web\/wp-content\/uploads\/2022\/01\/Record-district-2021-new01-1.pdf\" target=\"_blank\" rel=\"noreferrer noopener\"><span class=\"has-inline-color has-vivid-cyan-blue-color\"><strong>Statistiques district LNL 2021<\/strong><\/span><\/a><a href=\"http:\/\/www.liegenatation.be\/Web\/wp-content\/uploads\/2022\/01\/Record-district-2021-new01-1.pdf\" class=\"wp-block-file__button wp-element-button\" download>T\u00e9l\u00e9charger<\/a><\/div>\n\n\n\n<div style=\"height:100px\" aria-hidden=\"true\" class=\"wp-block-spacer\"><\/div>\n\n\n\n<p style=\"font-size:28px\"><span class=\"has-inline-color has-vivid-red-color\"><strong>Statistiques 2020<\/strong><\/span><\/p>\n\n\n\n<p class=\"has-normal-font-size\"><span class=\"has-inline-color has-black-color\">Vous trouverez ci-dessous les statistiques pour l&#8217;ann\u00e9e 2020<\/span><\/p>\n\n\n\n<div class=\"wp-block-file\"><a href=\"http:\/\/www.liegenatation.be\/Web\/wp-content\/uploads\/2022\/01\/Statistiques-du-District-LNL-2020.pdf\"><span class=\"has-inline-color has-vivid-cyan-blue-color\"><strong>Statistiques District LNL 2020<\/strong><\/span><\/a><a href=\"http:\/\/www.liegenatation.be\/Web\/wp-content\/uploads\/2022\/01\/Statistiques-du-District-LNL-2020.pdf\" class=\"wp-block-file__button wp-element-button\" download>T\u00e9l\u00e9charger<\/a><\/div>\n\n\n","protected":false},"excerpt":{"rendered":"<p>Statistiques 2024 Vous trouverez ci-dessous les records de district LNL cl\u00f4tur\u00e9s au 31\/12\/2024 ainsi que les temps gardons et les temps requins pour 2025. Statistiques 2023 Amateurs de chiffres, voici &hellip; <\/p>\n<p class=\"link-more\"><a href=\"https:\/\/www.liegenatation.be\/Web\/statistiques-du-district-lnl\/\" class=\"more-link\">Continuer la lecture<span class=\"screen-reader-text\"> de &laquo;&nbsp;Statistiques du district LNL&nbsp;&raquo;<\/span><\/a><\/p>\n","protected":false},"author":2,"featured_media":0,"parent":0,"menu_order":0,"comment_status":"closed","ping_status":"closed","template":"","meta":{"ngg_post_thumbnail":0,"footnotes":""},"class_list":["post-18435","page","type-page","status-publish","hentry"],"_links":{"self":[{"href":"https:\/\/www.liegenatation.be\/Web\/wp-json\/wp\/v2\/pages\/18435","targetHints":{"allow":["GET"]}}],"collection":[{"href":"https:\/\/www.liegenatation.be\/Web\/wp-json\/wp\/v2\/pages"}],"about":[{"href":"https:\/\/www.liegenatation.be\/Web\/wp-json\/wp\/v2\/types\/page"}],"author":[{"embeddable":true,"href":"https:\/\/www.liegenatation.be\/Web\/wp-json\/wp\/v2\/users\/2"}],"replies":[{"embeddable":true,"href":"https:\/\/www.liegenatation.be\/Web\/wp-json\/wp\/v2\/comments?post=18435"}],"version-history":[{"count":8,"href":"https:\/\/www.liegenatation.be\/Web\/wp-json\/wp\/v2\/pages\/18435\/revisions"}],"predecessor-version":[{"id":22960,"href":"https:\/\/www.liegenatation.be\/Web\/wp-json\/wp\/v2\/pages\/18435\/revisions\/22960"}],"wp:attachment":[{"href":"https:\/\/www.liegenatation.be\/Web\/wp-json\/wp\/v2\/media?parent=18435"}],"curies":[{"name":"wp","href":"https:\/\/api.w.org\/{rel}","templated":true}]}}