{"id":19802,"date":"2022-11-06T22:35:00","date_gmt":"2022-11-06T21:35:00","guid":{"rendered":"https:\/\/www.liegenatation.be\/Web\/?page_id=19802"},"modified":"2022-11-06T22:47:34","modified_gmt":"2022-11-06T21:47:34","slug":"podiums-championnats-ffbn-novembre-2022","status":"publish","type":"page","link":"https:\/\/www.liegenatation.be\/Web\/podiums-championnats-ffbn-novembre-2022\/","title":{"rendered":"Podiums Championnats FFBN novembre 2022"},"content":{"rendered":"\n<p class=\"has-normal-font-size\"><span class=\"has-inline-color has-black-color\">4 titres de Champion Francophone + 33 m\u00e9dailles durant le week-end. Le tout avec seulement 9 nageurs inscrits! Bravo \u00e0 tous et \u00e0 toutes.<\/span><\/p>\n\n\n\n<figure class=\"wp-block-gallery columns-3 is-cropped wp-block-gallery-1 is-layout-flex wp-block-gallery-is-layout-flex\"><ul class=\"blocks-gallery-grid\"><li class=\"blocks-gallery-item\"><figure><img loading=\"lazy\" decoding=\"async\" width=\"531\" height=\"1024\" src=\"https:\/\/www.liegenatation.be\/Web\/wp-content\/uploads\/2022\/11\/image0-2-531x1024.jpeg\" alt=\"\" data-id=\"19806\" data-link=\"https:\/\/www.liegenatation.be\/Web\/podiums-championnats-ffbn-novembre-2022\/image0-2\/\" class=\"wp-image-19806\" srcset=\"https:\/\/www.liegenatation.be\/Web\/wp-content\/uploads\/2022\/11\/image0-2-531x1024.jpeg 531w, https:\/\/www.liegenatation.be\/Web\/wp-content\/uploads\/2022\/11\/image0-2-155x300.jpeg 155w, https:\/\/www.liegenatation.be\/Web\/wp-content\/uploads\/2022\/11\/image0-2-768x1482.jpeg 768w, https:\/\/www.liegenatation.be\/Web\/wp-content\/uploads\/2022\/11\/image0-2-796x1536.jpeg 796w, https:\/\/www.liegenatation.be\/Web\/wp-content\/uploads\/2022\/11\/image0-2.jpeg 817w\" sizes=\"auto, (max-width: 531px) 100vw, 531px\" \/><\/figure><\/li><li class=\"blocks-gallery-item\"><figure><img loading=\"lazy\" decoding=\"async\" width=\"768\" height=\"1024\" src=\"https:\/\/www.liegenatation.be\/Web\/wp-content\/uploads\/2022\/11\/image1-5-768x1024.jpeg\" alt=\"\" data-id=\"19807\" data-link=\"https:\/\/www.liegenatation.be\/Web\/podiums-championnats-ffbn-novembre-2022\/image1-5\/\" class=\"wp-image-19807\" srcset=\"https:\/\/www.liegenatation.be\/Web\/wp-content\/uploads\/2022\/11\/image1-5-768x1024.jpeg 768w, https:\/\/www.liegenatation.be\/Web\/wp-content\/uploads\/2022\/11\/image1-5-225x300.jpeg 225w, https:\/\/www.liegenatation.be\/Web\/wp-content\/uploads\/2022\/11\/image1-5-1152x1536.jpeg 1152w, https:\/\/www.liegenatation.be\/Web\/wp-content\/uploads\/2022\/11\/image1-5-rotated.jpeg 1512w\" sizes=\"auto, (max-width: 706px) 89vw, (max-width: 767px) 82vw, 740px\" \/><\/figure><\/li><li class=\"blocks-gallery-item\"><figure><img loading=\"lazy\" decoding=\"async\" width=\"584\" height=\"1024\" src=\"https:\/\/www.liegenatation.be\/Web\/wp-content\/uploads\/2022\/11\/image3-1-584x1024.jpeg\" alt=\"\" data-id=\"19808\" data-link=\"https:\/\/www.liegenatation.be\/Web\/podiums-championnats-ffbn-novembre-2022\/image3-1\/\" class=\"wp-image-19808\" srcset=\"https:\/\/www.liegenatation.be\/Web\/wp-content\/uploads\/2022\/11\/image3-1-584x1024.jpeg 584w, https:\/\/www.liegenatation.be\/Web\/wp-content\/uploads\/2022\/11\/image3-1-171x300.jpeg 171w, https:\/\/www.liegenatation.be\/Web\/wp-content\/uploads\/2022\/11\/image3-1-768x1347.jpeg 768w, https:\/\/www.liegenatation.be\/Web\/wp-content\/uploads\/2022\/11\/image3-1.jpeg 844w\" sizes=\"auto, (max-width: 584px) 100vw, 584px\" \/><\/figure><\/li><li class=\"blocks-gallery-item\"><figure><img loading=\"lazy\" decoding=\"async\" width=\"768\" height=\"1024\" src=\"https:\/\/www.liegenatation.be\/Web\/wp-content\/uploads\/2022\/11\/image5-1-768x1024.jpeg\" alt=\"\" data-id=\"19809\" data-link=\"https:\/\/www.liegenatation.be\/Web\/podiums-championnats-ffbn-novembre-2022\/image5-1\/\" class=\"wp-image-19809\" srcset=\"https:\/\/www.liegenatation.be\/Web\/wp-content\/uploads\/2022\/11\/image5-1-768x1024.jpeg 768w, https:\/\/www.liegenatation.be\/Web\/wp-content\/uploads\/2022\/11\/image5-1-225x300.jpeg 225w, https:\/\/www.liegenatation.be\/Web\/wp-content\/uploads\/2022\/11\/image5-1-1152x1536.jpeg 1152w, https:\/\/www.liegenatation.be\/Web\/wp-content\/uploads\/2022\/11\/image5-1-rotated.jpeg 1512w\" sizes=\"auto, (max-width: 706px) 89vw, (max-width: 767px) 82vw, 740px\" \/><\/figure><\/li><li class=\"blocks-gallery-item\"><figure><img loading=\"lazy\" decoding=\"async\" width=\"768\" height=\"1024\" src=\"https:\/\/www.liegenatation.be\/Web\/wp-content\/uploads\/2022\/11\/image6-768x1024.jpeg\" alt=\"\" data-id=\"19810\" data-link=\"https:\/\/www.liegenatation.be\/Web\/podiums-championnats-ffbn-novembre-2022\/image6\/\" class=\"wp-image-19810\" srcset=\"https:\/\/www.liegenatation.be\/Web\/wp-content\/uploads\/2022\/11\/image6-768x1024.jpeg 768w, https:\/\/www.liegenatation.be\/Web\/wp-content\/uploads\/2022\/11\/image6-225x300.jpeg 225w, https:\/\/www.liegenatation.be\/Web\/wp-content\/uploads\/2022\/11\/image6-1152x1536.jpeg 1152w, https:\/\/www.liegenatation.be\/Web\/wp-content\/uploads\/2022\/11\/image6-rotated.jpeg 1512w\" sizes=\"auto, (max-width: 706px) 89vw, (max-width: 767px) 82vw, 740px\" \/><\/figure><\/li><li class=\"blocks-gallery-item\"><figure><img loading=\"lazy\" decoding=\"async\" width=\"768\" height=\"1024\" src=\"https:\/\/www.liegenatation.be\/Web\/wp-content\/uploads\/2022\/11\/image7-768x1024.jpeg\" alt=\"\" data-id=\"19811\" data-link=\"https:\/\/www.liegenatation.be\/Web\/podiums-championnats-ffbn-novembre-2022\/image7\/\" class=\"wp-image-19811\" srcset=\"https:\/\/www.liegenatation.be\/Web\/wp-content\/uploads\/2022\/11\/image7-768x1024.jpeg 768w, https:\/\/www.liegenatation.be\/Web\/wp-content\/uploads\/2022\/11\/image7-225x300.jpeg 225w, https:\/\/www.liegenatation.be\/Web\/wp-content\/uploads\/2022\/11\/image7-1152x1536.jpeg 1152w, https:\/\/www.liegenatation.be\/Web\/wp-content\/uploads\/2022\/11\/image7-rotated.jpeg 1512w\" sizes=\"auto, (max-width: 706px) 89vw, (max-width: 767px) 82vw, 740px\" \/><\/figure><\/li><li class=\"blocks-gallery-item\"><figure><img loading=\"lazy\" decoding=\"async\" width=\"481\" height=\"1024\" src=\"https:\/\/www.liegenatation.be\/Web\/wp-content\/uploads\/2022\/11\/image8-481x1024.jpeg\" alt=\"\" data-id=\"19812\" data-link=\"https:\/\/www.liegenatation.be\/Web\/podiums-championnats-ffbn-novembre-2022\/image8\/\" class=\"wp-image-19812\" srcset=\"https:\/\/www.liegenatation.be\/Web\/wp-content\/uploads\/2022\/11\/image8-481x1024.jpeg 481w, https:\/\/www.liegenatation.be\/Web\/wp-content\/uploads\/2022\/11\/image8-141x300.jpeg 141w, https:\/\/www.liegenatation.be\/Web\/wp-content\/uploads\/2022\/11\/image8-768x1635.jpeg 768w, https:\/\/www.liegenatation.be\/Web\/wp-content\/uploads\/2022\/11\/image8-722x1536.jpeg 722w, https:\/\/www.liegenatation.be\/Web\/wp-content\/uploads\/2022\/11\/image8.jpeg 848w\" sizes=\"auto, (max-width: 481px) 100vw, 481px\" \/><\/figure><\/li><li class=\"blocks-gallery-item\"><figure><img loading=\"lazy\" decoding=\"async\" width=\"726\" height=\"1024\" src=\"https:\/\/www.liegenatation.be\/Web\/wp-content\/uploads\/2022\/11\/image10-726x1024.jpeg\" alt=\"\" data-id=\"19813\" data-link=\"https:\/\/www.liegenatation.be\/Web\/podiums-championnats-ffbn-novembre-2022\/image10\/\" class=\"wp-image-19813\" srcset=\"https:\/\/www.liegenatation.be\/Web\/wp-content\/uploads\/2022\/11\/image10-726x1024.jpeg 726w, https:\/\/www.liegenatation.be\/Web\/wp-content\/uploads\/2022\/11\/image10-213x300.jpeg 213w, https:\/\/www.liegenatation.be\/Web\/wp-content\/uploads\/2022\/11\/image10-768x1083.jpeg 768w, https:\/\/www.liegenatation.be\/Web\/wp-content\/uploads\/2022\/11\/image10-1089x1536.jpeg 1089w, https:\/\/www.liegenatation.be\/Web\/wp-content\/uploads\/2022\/11\/image10.jpeg 1209w\" sizes=\"auto, (max-width: 726px) 100vw, 726px\" \/><\/figure><\/li><li class=\"blocks-gallery-item\"><figure><img loading=\"lazy\" decoding=\"async\" width=\"721\" height=\"1024\" src=\"https:\/\/www.liegenatation.be\/Web\/wp-content\/uploads\/2022\/11\/IMG_2622-721x1024.jpg\" alt=\"\" data-id=\"19816\" data-link=\"https:\/\/www.liegenatation.be\/Web\/podiums-championnats-ffbn-novembre-2022\/img_2622\/\" class=\"wp-image-19816\" srcset=\"https:\/\/www.liegenatation.be\/Web\/wp-content\/uploads\/2022\/11\/IMG_2622-721x1024.jpg 721w, https:\/\/www.liegenatation.be\/Web\/wp-content\/uploads\/2022\/11\/IMG_2622-211x300.jpg 211w, https:\/\/www.liegenatation.be\/Web\/wp-content\/uploads\/2022\/11\/IMG_2622-768x1091.jpg 768w, https:\/\/www.liegenatation.be\/Web\/wp-content\/uploads\/2022\/11\/IMG_2622-1081x1536.jpg 1081w, https:\/\/www.liegenatation.be\/Web\/wp-content\/uploads\/2022\/11\/IMG_2622.jpg 1146w\" sizes=\"auto, (max-width: 721px) 100vw, 721px\" \/><\/figure><\/li><li class=\"blocks-gallery-item\"><figure><img loading=\"lazy\" decoding=\"async\" width=\"574\" height=\"1024\" src=\"https:\/\/www.liegenatation.be\/Web\/wp-content\/uploads\/2022\/11\/IMG_2626-574x1024.jpg\" alt=\"\" data-id=\"19817\" data-link=\"https:\/\/www.liegenatation.be\/Web\/podiums-championnats-ffbn-novembre-2022\/img_2626\/\" class=\"wp-image-19817\" srcset=\"https:\/\/www.liegenatation.be\/Web\/wp-content\/uploads\/2022\/11\/IMG_2626-574x1024.jpg 574w, https:\/\/www.liegenatation.be\/Web\/wp-content\/uploads\/2022\/11\/IMG_2626-168x300.jpg 168w, https:\/\/www.liegenatation.be\/Web\/wp-content\/uploads\/2022\/11\/IMG_2626-768x1371.jpg 768w, https:\/\/www.liegenatation.be\/Web\/wp-content\/uploads\/2022\/11\/IMG_2626-860x1536.jpg 860w, https:\/\/www.liegenatation.be\/Web\/wp-content\/uploads\/2022\/11\/IMG_2626.jpg 898w\" sizes=\"auto, (max-width: 574px) 100vw, 574px\" \/><\/figure><\/li><li class=\"blocks-gallery-item\"><figure><img loading=\"lazy\" decoding=\"async\" width=\"619\" height=\"1024\" src=\"https:\/\/www.liegenatation.be\/Web\/wp-content\/uploads\/2022\/11\/IMG_2628-619x1024.jpg\" alt=\"\" data-id=\"19818\" data-link=\"https:\/\/www.liegenatation.be\/Web\/podiums-championnats-ffbn-novembre-2022\/img_2628\/\" class=\"wp-image-19818\" srcset=\"https:\/\/www.liegenatation.be\/Web\/wp-content\/uploads\/2022\/11\/IMG_2628-619x1024.jpg 619w, https:\/\/www.liegenatation.be\/Web\/wp-content\/uploads\/2022\/11\/IMG_2628-181x300.jpg 181w, https:\/\/www.liegenatation.be\/Web\/wp-content\/uploads\/2022\/11\/IMG_2628-768x1271.jpg 768w, https:\/\/www.liegenatation.be\/Web\/wp-content\/uploads\/2022\/11\/IMG_2628.jpg 903w\" sizes=\"auto, (max-width: 619px) 100vw, 619px\" \/><\/figure><\/li><li class=\"blocks-gallery-item\"><figure><img loading=\"lazy\" decoding=\"async\" width=\"586\" height=\"1024\" src=\"https:\/\/www.liegenatation.be\/Web\/wp-content\/uploads\/2022\/11\/IMG_2630-586x1024.jpg\" alt=\"\" data-id=\"19819\" data-link=\"https:\/\/www.liegenatation.be\/Web\/podiums-championnats-ffbn-novembre-2022\/img_2630\/\" class=\"wp-image-19819\" srcset=\"https:\/\/www.liegenatation.be\/Web\/wp-content\/uploads\/2022\/11\/IMG_2630-586x1024.jpg 586w, https:\/\/www.liegenatation.be\/Web\/wp-content\/uploads\/2022\/11\/IMG_2630-172x300.jpg 172w, https:\/\/www.liegenatation.be\/Web\/wp-content\/uploads\/2022\/11\/IMG_2630-768x1341.jpg 768w, https:\/\/www.liegenatation.be\/Web\/wp-content\/uploads\/2022\/11\/IMG_2630-879x1536.jpg 879w, https:\/\/www.liegenatation.be\/Web\/wp-content\/uploads\/2022\/11\/IMG_2630.jpg 888w\" sizes=\"auto, (max-width: 586px) 100vw, 586px\" \/><\/figure><\/li><li class=\"blocks-gallery-item\"><figure><img loading=\"lazy\" decoding=\"async\" width=\"560\" height=\"1024\" src=\"https:\/\/www.liegenatation.be\/Web\/wp-content\/uploads\/2022\/11\/IMG_2634-560x1024.jpg\" alt=\"\" data-id=\"19820\" data-link=\"https:\/\/www.liegenatation.be\/Web\/podiums-championnats-ffbn-novembre-2022\/img_2634\/\" class=\"wp-image-19820\" srcset=\"https:\/\/www.liegenatation.be\/Web\/wp-content\/uploads\/2022\/11\/IMG_2634-560x1024.jpg 560w, https:\/\/www.liegenatation.be\/Web\/wp-content\/uploads\/2022\/11\/IMG_2634-164x300.jpg 164w, https:\/\/www.liegenatation.be\/Web\/wp-content\/uploads\/2022\/11\/IMG_2634-768x1404.jpg 768w, https:\/\/www.liegenatation.be\/Web\/wp-content\/uploads\/2022\/11\/IMG_2634-840x1536.jpg 840w, https:\/\/www.liegenatation.be\/Web\/wp-content\/uploads\/2022\/11\/IMG_2634.jpg 851w\" sizes=\"auto, (max-width: 560px) 100vw, 560px\" \/><\/figure><\/li><li class=\"blocks-gallery-item\"><figure><img loading=\"lazy\" decoding=\"async\" width=\"594\" height=\"1024\" src=\"https:\/\/www.liegenatation.be\/Web\/wp-content\/uploads\/2022\/11\/IMG_2636-594x1024.jpg\" alt=\"\" data-id=\"19822\" data-link=\"https:\/\/www.liegenatation.be\/Web\/podiums-championnats-ffbn-novembre-2022\/img_2636\/\" class=\"wp-image-19822\" srcset=\"https:\/\/www.liegenatation.be\/Web\/wp-content\/uploads\/2022\/11\/IMG_2636-594x1024.jpg 594w, https:\/\/www.liegenatation.be\/Web\/wp-content\/uploads\/2022\/11\/IMG_2636-174x300.jpg 174w, https:\/\/www.liegenatation.be\/Web\/wp-content\/uploads\/2022\/11\/IMG_2636-768x1324.jpg 768w, https:\/\/www.liegenatation.be\/Web\/wp-content\/uploads\/2022\/11\/IMG_2636-891x1536.jpg 891w, https:\/\/www.liegenatation.be\/Web\/wp-content\/uploads\/2022\/11\/IMG_2636.jpg 898w\" sizes=\"auto, (max-width: 594px) 100vw, 594px\" \/><\/figure><\/li><li class=\"blocks-gallery-item\"><figure><img loading=\"lazy\" decoding=\"async\" width=\"767\" height=\"1024\" src=\"https:\/\/www.liegenatation.be\/Web\/wp-content\/uploads\/2022\/11\/IMG_2639-767x1024.jpg\" alt=\"\" data-id=\"19823\" data-link=\"https:\/\/www.liegenatation.be\/Web\/podiums-championnats-ffbn-novembre-2022\/img_2639\/\" class=\"wp-image-19823\" srcset=\"https:\/\/www.liegenatation.be\/Web\/wp-content\/uploads\/2022\/11\/IMG_2639-767x1024.jpg 767w, https:\/\/www.liegenatation.be\/Web\/wp-content\/uploads\/2022\/11\/IMG_2639-225x300.jpg 225w, https:\/\/www.liegenatation.be\/Web\/wp-content\/uploads\/2022\/11\/IMG_2639-768x1025.jpg 768w, https:\/\/www.liegenatation.be\/Web\/wp-content\/uploads\/2022\/11\/IMG_2639.jpg 848w\" sizes=\"auto, (max-width: 706px) 89vw, (max-width: 767px) 82vw, 740px\" \/><\/figure><\/li><li class=\"blocks-gallery-item\"><figure><img loading=\"lazy\" decoding=\"async\" width=\"768\" height=\"1024\" src=\"https:\/\/www.liegenatation.be\/Web\/wp-content\/uploads\/2022\/11\/IMG_2643-768x1024.jpg\" alt=\"\" data-id=\"19824\" data-link=\"https:\/\/www.liegenatation.be\/Web\/podiums-championnats-ffbn-novembre-2022\/img_2643\/\" class=\"wp-image-19824\" srcset=\"https:\/\/www.liegenatation.be\/Web\/wp-content\/uploads\/2022\/11\/IMG_2643-768x1024.jpg 768w, https:\/\/www.liegenatation.be\/Web\/wp-content\/uploads\/2022\/11\/IMG_2643-225x300.jpg 225w, https:\/\/www.liegenatation.be\/Web\/wp-content\/uploads\/2022\/11\/IMG_2643.jpg 960w\" sizes=\"auto, (max-width: 706px) 89vw, (max-width: 767px) 82vw, 740px\" \/><\/figure><\/li><li class=\"blocks-gallery-item\"><figure><img loading=\"lazy\" decoding=\"async\" width=\"768\" height=\"1024\" src=\"https:\/\/www.liegenatation.be\/Web\/wp-content\/uploads\/2022\/11\/IMG_2652-768x1024.jpg\" alt=\"\" data-id=\"19825\" data-link=\"https:\/\/www.liegenatation.be\/Web\/podiums-championnats-ffbn-novembre-2022\/img_2652\/\" class=\"wp-image-19825\" srcset=\"https:\/\/www.liegenatation.be\/Web\/wp-content\/uploads\/2022\/11\/IMG_2652-768x1024.jpg 768w, https:\/\/www.liegenatation.be\/Web\/wp-content\/uploads\/2022\/11\/IMG_2652-225x300.jpg 225w, https:\/\/www.liegenatation.be\/Web\/wp-content\/uploads\/2022\/11\/IMG_2652.jpg 960w\" sizes=\"auto, (max-width: 706px) 89vw, (max-width: 767px) 82vw, 740px\" \/><\/figure><\/li><li class=\"blocks-gallery-item\"><figure><img loading=\"lazy\" decoding=\"async\" width=\"768\" height=\"1024\" src=\"https:\/\/www.liegenatation.be\/Web\/wp-content\/uploads\/2022\/11\/IMG_2656-768x1024.jpg\" alt=\"\" data-id=\"19826\" data-link=\"https:\/\/www.liegenatation.be\/Web\/podiums-championnats-ffbn-novembre-2022\/img_2656\/\" class=\"wp-image-19826\" srcset=\"https:\/\/www.liegenatation.be\/Web\/wp-content\/uploads\/2022\/11\/IMG_2656-768x1024.jpg 768w, https:\/\/www.liegenatation.be\/Web\/wp-content\/uploads\/2022\/11\/IMG_2656-225x300.jpg 225w, https:\/\/www.liegenatation.be\/Web\/wp-content\/uploads\/2022\/11\/IMG_2656.jpg 960w\" sizes=\"auto, (max-width: 706px) 89vw, (max-width: 767px) 82vw, 740px\" \/><\/figure><\/li><li class=\"blocks-gallery-item\"><figure><img loading=\"lazy\" decoding=\"async\" width=\"768\" height=\"1024\" src=\"https:\/\/www.liegenatation.be\/Web\/wp-content\/uploads\/2022\/11\/IMG_2664-768x1024.jpg\" alt=\"\" data-id=\"19827\" data-link=\"https:\/\/www.liegenatation.be\/Web\/podiums-championnats-ffbn-novembre-2022\/img_2664\/\" class=\"wp-image-19827\" srcset=\"https:\/\/www.liegenatation.be\/Web\/wp-content\/uploads\/2022\/11\/IMG_2664-768x1024.jpg 768w, https:\/\/www.liegenatation.be\/Web\/wp-content\/uploads\/2022\/11\/IMG_2664-225x300.jpg 225w, https:\/\/www.liegenatation.be\/Web\/wp-content\/uploads\/2022\/11\/IMG_2664.jpg 960w\" sizes=\"auto, (max-width: 706px) 89vw, (max-width: 767px) 82vw, 740px\" \/><\/figure><\/li><li class=\"blocks-gallery-item\"><figure><img loading=\"lazy\" decoding=\"async\" width=\"578\" height=\"1024\" src=\"https:\/\/www.liegenatation.be\/Web\/wp-content\/uploads\/2022\/11\/IMG_2670-578x1024.jpg\" alt=\"\" data-id=\"19828\" data-link=\"https:\/\/www.liegenatation.be\/Web\/podiums-championnats-ffbn-novembre-2022\/img_2670\/\" class=\"wp-image-19828\" srcset=\"https:\/\/www.liegenatation.be\/Web\/wp-content\/uploads\/2022\/11\/IMG_2670-578x1024.jpg 578w, https:\/\/www.liegenatation.be\/Web\/wp-content\/uploads\/2022\/11\/IMG_2670-169x300.jpg 169w, https:\/\/www.liegenatation.be\/Web\/wp-content\/uploads\/2022\/11\/IMG_2670-768x1360.jpg 768w, https:\/\/www.liegenatation.be\/Web\/wp-content\/uploads\/2022\/11\/IMG_2670-867x1536.jpg 867w, https:\/\/www.liegenatation.be\/Web\/wp-content\/uploads\/2022\/11\/IMG_2670.jpg 909w\" sizes=\"auto, (max-width: 578px) 100vw, 578px\" \/><\/figure><\/li><li class=\"blocks-gallery-item\"><figure><img loading=\"lazy\" decoding=\"async\" width=\"611\" height=\"1024\" src=\"https:\/\/www.liegenatation.be\/Web\/wp-content\/uploads\/2022\/11\/IMG_2672-611x1024.jpg\" alt=\"\" data-id=\"19829\" data-link=\"https:\/\/www.liegenatation.be\/Web\/podiums-championnats-ffbn-novembre-2022\/img_2672\/\" class=\"wp-image-19829\" srcset=\"https:\/\/www.liegenatation.be\/Web\/wp-content\/uploads\/2022\/11\/IMG_2672-611x1024.jpg 611w, https:\/\/www.liegenatation.be\/Web\/wp-content\/uploads\/2022\/11\/IMG_2672-179x300.jpg 179w, https:\/\/www.liegenatation.be\/Web\/wp-content\/uploads\/2022\/11\/IMG_2672-768x1288.jpg 768w, https:\/\/www.liegenatation.be\/Web\/wp-content\/uploads\/2022\/11\/IMG_2672-916x1536.jpg 916w, https:\/\/www.liegenatation.be\/Web\/wp-content\/uploads\/2022\/11\/IMG_2672.jpg 954w\" sizes=\"auto, (max-width: 611px) 100vw, 611px\" \/><\/figure><\/li><li class=\"blocks-gallery-item\"><figure><img loading=\"lazy\" decoding=\"async\" width=\"605\" height=\"1024\" src=\"https:\/\/www.liegenatation.be\/Web\/wp-content\/uploads\/2022\/11\/IMG_2679-605x1024.jpg\" alt=\"\" data-id=\"19830\" data-link=\"https:\/\/www.liegenatation.be\/Web\/podiums-championnats-ffbn-novembre-2022\/img_2679\/\" class=\"wp-image-19830\" srcset=\"https:\/\/www.liegenatation.be\/Web\/wp-content\/uploads\/2022\/11\/IMG_2679-605x1024.jpg 605w, https:\/\/www.liegenatation.be\/Web\/wp-content\/uploads\/2022\/11\/IMG_2679-177x300.jpg 177w, https:\/\/www.liegenatation.be\/Web\/wp-content\/uploads\/2022\/11\/IMG_2679-768x1300.jpg 768w, https:\/\/www.liegenatation.be\/Web\/wp-content\/uploads\/2022\/11\/IMG_2679-908x1536.jpg 908w, https:\/\/www.liegenatation.be\/Web\/wp-content\/uploads\/2022\/11\/IMG_2679.jpg 914w\" sizes=\"auto, (max-width: 605px) 100vw, 605px\" \/><\/figure><\/li><li class=\"blocks-gallery-item\"><figure><img loading=\"lazy\" decoding=\"async\" width=\"768\" height=\"1024\" src=\"https:\/\/www.liegenatation.be\/Web\/wp-content\/uploads\/2022\/11\/image11-1-768x1024.jpeg\" alt=\"\" data-id=\"19831\" data-full-url=\"https:\/\/www.liegenatation.be\/Web\/wp-content\/uploads\/2022\/11\/image11-1-rotated.jpeg\" data-link=\"https:\/\/www.liegenatation.be\/Web\/podiums-championnats-ffbn-novembre-2022\/image11-1\/\" class=\"wp-image-19831\" srcset=\"https:\/\/www.liegenatation.be\/Web\/wp-content\/uploads\/2022\/11\/image11-1-768x1024.jpeg 768w, https:\/\/www.liegenatation.be\/Web\/wp-content\/uploads\/2022\/11\/image11-1-225x300.jpeg 225w, https:\/\/www.liegenatation.be\/Web\/wp-content\/uploads\/2022\/11\/image11-1-1152x1536.jpeg 1152w, https:\/\/www.liegenatation.be\/Web\/wp-content\/uploads\/2022\/11\/image11-1-rotated.jpeg 1512w\" sizes=\"auto, (max-width: 706px) 89vw, (max-width: 767px) 82vw, 740px\" \/><\/figure><\/li><li class=\"blocks-gallery-item\"><figure><img loading=\"lazy\" decoding=\"async\" width=\"768\" height=\"1024\" src=\"https:\/\/www.liegenatation.be\/Web\/wp-content\/uploads\/2022\/11\/image12-1-768x1024.jpeg\" alt=\"\" data-id=\"19832\" data-full-url=\"https:\/\/www.liegenatation.be\/Web\/wp-content\/uploads\/2022\/11\/image12-1-rotated.jpeg\" data-link=\"https:\/\/www.liegenatation.be\/Web\/podiums-championnats-ffbn-novembre-2022\/image12-1\/\" class=\"wp-image-19832\" srcset=\"https:\/\/www.liegenatation.be\/Web\/wp-content\/uploads\/2022\/11\/image12-1-768x1024.jpeg 768w, https:\/\/www.liegenatation.be\/Web\/wp-content\/uploads\/2022\/11\/image12-1-225x300.jpeg 225w, https:\/\/www.liegenatation.be\/Web\/wp-content\/uploads\/2022\/11\/image12-1-1152x1536.jpeg 1152w, https:\/\/www.liegenatation.be\/Web\/wp-content\/uploads\/2022\/11\/image12-1-rotated.jpeg 1512w\" sizes=\"auto, (max-width: 706px) 89vw, (max-width: 767px) 82vw, 740px\" \/><\/figure><\/li><\/ul><\/figure>\n","protected":false},"excerpt":{"rendered":"<p>4 titres de Champion Francophone + 33 m\u00e9dailles durant le week-end. Le tout avec seulement 9 nageurs inscrits! Bravo \u00e0 tous et \u00e0 toutes.<\/p>\n","protected":false},"author":2,"featured_media":0,"parent":0,"menu_order":0,"comment_status":"closed","ping_status":"closed","template":"","meta":{"ngg_post_thumbnail":0,"footnotes":""},"class_list":["post-19802","page","type-page","status-publish","hentry"],"_links":{"self":[{"href":"https:\/\/www.liegenatation.be\/Web\/wp-json\/wp\/v2\/pages\/19802","targetHints":{"allow":["GET"]}}],"collection":[{"href":"https:\/\/www.liegenatation.be\/Web\/wp-json\/wp\/v2\/pages"}],"about":[{"href":"https:\/\/www.liegenatation.be\/Web\/wp-json\/wp\/v2\/types\/page"}],"author":[{"embeddable":true,"href":"https:\/\/www.liegenatation.be\/Web\/wp-json\/wp\/v2\/users\/2"}],"replies":[{"embeddable":true,"href":"https:\/\/www.liegenatation.be\/Web\/wp-json\/wp\/v2\/comments?post=19802"}],"version-history":[{"count":3,"href":"https:\/\/www.liegenatation.be\/Web\/wp-json\/wp\/v2\/pages\/19802\/revisions"}],"predecessor-version":[{"id":19837,"href":"https:\/\/www.liegenatation.be\/Web\/wp-json\/wp\/v2\/pages\/19802\/revisions\/19837"}],"wp:attachment":[{"href":"https:\/\/www.liegenatation.be\/Web\/wp-json\/wp\/v2\/media?parent=19802"}],"curies":[{"name":"wp","href":"https:\/\/api.w.org\/{rel}","templated":true}]}}