{"id":20640,"date":"2023-05-27T14:51:22","date_gmt":"2023-05-27T12:51:22","guid":{"rendered":"https:\/\/www.liegenatation.be\/Web\/?page_id=20640"},"modified":"2023-05-27T19:46:03","modified_gmt":"2023-05-27T17:46:03","slug":"fete-du-club-27-mai-2023","status":"publish","type":"page","link":"https:\/\/www.liegenatation.be\/Web\/fete-du-club-27-mai-2023\/","title":{"rendered":"F\u00eate du club 27 mai 2023"},"content":{"rendered":"\n<p class=\"has-normal-font-size\"><span class=\"has-inline-color has-black-color\">Voici les r\u00e9sultats de notre F\u00eate de la Natation qui avait lieu ce samedi 27 mai. Notons que 85 MPP ont \u00e9t\u00e9 r\u00e9alis\u00e9es par nos nageurs ce jour.<\/span><\/p>\n\n\n\n<div class=\"wp-block-file\"><a href=\"https:\/\/www.liegenatation.be\/Web\/wp-content\/uploads\/2023\/05\/Resultats-matin.pdf\" target=\"_blank\" rel=\"noreferrer noopener\"><span class=\"has-inline-color has-vivid-cyan-blue-color\"><strong>R\u00e9sultats matin<\/strong><\/span><\/a><a href=\"https:\/\/www.liegenatation.be\/Web\/wp-content\/uploads\/2023\/05\/Resultats-matin.pdf\" class=\"wp-block-file__button\" download>T\u00e9l\u00e9charger<\/a><\/div>\n\n\n\n<div class=\"wp-block-file\"><a href=\"https:\/\/www.liegenatation.be\/Web\/wp-content\/uploads\/2023\/05\/resultats-apres-midi-1.pdf\" target=\"_blank\" rel=\"noreferrer noopener\"><span class=\"has-inline-color has-vivid-cyan-blue-color\"><strong>R\u00e9sultats apr\u00e8s-midi<\/strong><\/span><\/a><a href=\"https:\/\/www.liegenatation.be\/Web\/wp-content\/uploads\/2023\/05\/resultats-apres-midi-1.pdf\" class=\"wp-block-file__button\" download>T\u00e9l\u00e9charger<\/a><\/div>\n\n\n\n<div class=\"wp-block-file\"><a href=\"https:\/\/www.liegenatation.be\/Web\/wp-content\/uploads\/2023\/05\/resultats-LGN-a-Crisnee.pdf\" target=\"_blank\" rel=\"noreferrer noopener\"><span class=\"has-inline-color has-vivid-cyan-blue-color\"><strong>R\u00e9sultats LGN<\/strong><\/span><\/a><a href=\"https:\/\/www.liegenatation.be\/Web\/wp-content\/uploads\/2023\/05\/resultats-LGN-a-Crisnee.pdf\" class=\"wp-block-file__button\" download>T\u00e9l\u00e9charger<\/a><\/div>\n\n\n","protected":false},"excerpt":{"rendered":"<p>Voici les r\u00e9sultats de notre F\u00eate de la Natation qui avait lieu ce samedi 27 mai. Notons que 85 MPP ont \u00e9t\u00e9 r\u00e9alis\u00e9es par nos nageurs ce jour.<\/p>\n","protected":false},"author":2,"featured_media":0,"parent":0,"menu_order":0,"comment_status":"closed","ping_status":"closed","template":"","meta":{"ngg_post_thumbnail":0,"footnotes":""},"class_list":["post-20640","page","type-page","status-publish","hentry"],"_links":{"self":[{"href":"https:\/\/www.liegenatation.be\/Web\/wp-json\/wp\/v2\/pages\/20640","targetHints":{"allow":["GET"]}}],"collection":[{"href":"https:\/\/www.liegenatation.be\/Web\/wp-json\/wp\/v2\/pages"}],"about":[{"href":"https:\/\/www.liegenatation.be\/Web\/wp-json\/wp\/v2\/types\/page"}],"author":[{"embeddable":true,"href":"https:\/\/www.liegenatation.be\/Web\/wp-json\/wp\/v2\/users\/2"}],"replies":[{"embeddable":true,"href":"https:\/\/www.liegenatation.be\/Web\/wp-json\/wp\/v2\/comments?post=20640"}],"version-history":[{"count":4,"href":"https:\/\/www.liegenatation.be\/Web\/wp-json\/wp\/v2\/pages\/20640\/revisions"}],"predecessor-version":[{"id":20655,"href":"https:\/\/www.liegenatation.be\/Web\/wp-json\/wp\/v2\/pages\/20640\/revisions\/20655"}],"wp:attachment":[{"href":"https:\/\/www.liegenatation.be\/Web\/wp-json\/wp\/v2\/media?parent=20640"}],"curies":[{"name":"wp","href":"https:\/\/api.w.org\/{rel}","templated":true}]}}