{"id":21153,"date":"2023-11-24T20:58:40","date_gmt":"2023-11-24T19:58:40","guid":{"rendered":"https:\/\/www.liegenatation.be\/Web\/?page_id=21153"},"modified":"2023-11-25T18:47:44","modified_gmt":"2023-11-25T17:47:44","slug":"competition-crisnee-24-et-25-novembre-2023","status":"publish","type":"page","link":"https:\/\/www.liegenatation.be\/Web\/competition-crisnee-24-et-25-novembre-2023\/","title":{"rendered":"Comp\u00e9tition Crisn\u00e9e 24 et 25 novembre 2023"},"content":{"rendered":"\n<p>M\u00eame si la cuv\u00e9e 2023 n&#8217;affolera pas les compteurs au niveau du nombre de clubs, de nageurs et de spectateurs, nous pouvons \u00eatre fiers des performances de nos athl\u00e8tes. Vendredi soir, sur 52 r\u00e9sultats individuels, on notait 46 meilleures performances moyennes. Au terme de la comp\u00e9tition, le ratio restait tr\u00e8s int\u00e9ressant avec 145 nouvelles MPP sur 176 r\u00e9sultats individuels!<\/p>\n\n\n\n<div class=\"wp-block-file\"><a href=\"https:\/\/www.liegenatation.be\/Web\/wp-content\/uploads\/2023\/11\/Resultats-vendredi-soir.pdf\" target=\"_blank\" rel=\"noreferrer noopener\"><span class=\"has-inline-color has-vivid-cyan-blue-color\"><strong>R\u00e9sultats vendredi soir<\/strong><\/span><\/a><a href=\"https:\/\/www.liegenatation.be\/Web\/wp-content\/uploads\/2023\/11\/Resultats-vendredi-soir.pdf\" class=\"wp-block-file__button\" download>T\u00e9l\u00e9charger<\/a><\/div>\n\n\n\n<div class=\"wp-block-file\"><a href=\"https:\/\/www.liegenatation.be\/Web\/wp-content\/uploads\/2023\/11\/Resultats-samedi-matin-1.pdf\" target=\"_blank\" rel=\"noreferrer noopener\"><span class=\"has-inline-color has-vivid-cyan-blue-color\"><strong>R\u00e9sultats samedi matin<\/strong><\/span><\/a><a href=\"https:\/\/www.liegenatation.be\/Web\/wp-content\/uploads\/2023\/11\/Resultats-samedi-matin-1.pdf\" class=\"wp-block-file__button\" download>T\u00e9l\u00e9charger<\/a><\/div>\n\n\n\n<div class=\"wp-block-file\"><a href=\"https:\/\/www.liegenatation.be\/Web\/wp-content\/uploads\/2023\/11\/resultats-du-meeting-apres-midi-LGN-24-25-novembre-2023.pdf\" target=\"_blank\" rel=\"noreferrer noopener\"><span class=\"has-inline-color has-vivid-cyan-blue-color\"><strong>R\u00e9sultats samedi apr\u00e8s-midi<\/strong><\/span><\/a><a href=\"https:\/\/www.liegenatation.be\/Web\/wp-content\/uploads\/2023\/11\/resultats-du-meeting-apres-midi-LGN-24-25-novembre-2023.pdf\" class=\"wp-block-file__button\" download>T\u00e9l\u00e9charger<\/a><\/div>\n\n\n\n<div class=\"wp-block-file\"><a href=\"https:\/\/www.liegenatation.be\/Web\/wp-content\/uploads\/2023\/11\/resultats-du-meeting-soir-LGN-24-25-novembre-2023-1.pdf\" target=\"_blank\" rel=\"noreferrer noopener\"><span class=\"has-inline-color has-vivid-cyan-blue-color\"><strong>R\u00e9sultats samedi soir<\/strong><\/span><\/a><a href=\"https:\/\/www.liegenatation.be\/Web\/wp-content\/uploads\/2023\/11\/resultats-du-meeting-soir-LGN-24-25-novembre-2023-1.pdf\" class=\"wp-block-file__button\" download>T\u00e9l\u00e9charger<\/a><\/div>\n\n\n\n<div class=\"wp-block-file\"><a href=\"https:\/\/www.liegenatation.be\/Web\/wp-content\/uploads\/2023\/11\/Resultats-complets.pdf\" target=\"_blank\" rel=\"noreferrer noopener\"><span class=\"has-inline-color has-vivid-cyan-blue-color\"><strong>R\u00e9sultats complets<\/strong><\/span><\/a><a href=\"https:\/\/www.liegenatation.be\/Web\/wp-content\/uploads\/2023\/11\/Resultats-complets.pdf\" class=\"wp-block-file__button\" download>T\u00e9l\u00e9charger<\/a><\/div>\n\n\n\n<div class=\"wp-block-file\"><a href=\"https:\/\/www.liegenatation.be\/Web\/wp-content\/uploads\/2023\/11\/resultats-LGN-meeting-24-25-nov-2023.pdf\" target=\"_blank\" rel=\"noreferrer noopener\"><strong><span class=\"has-inline-color has-vivid-cyan-blue-color\">R\u00e9sultats complets LGN<\/span><\/strong><\/a><a href=\"https:\/\/www.liegenatation.be\/Web\/wp-content\/uploads\/2023\/11\/resultats-LGN-meeting-24-25-nov-2023.pdf\" class=\"wp-block-file__button\" download>T\u00e9l\u00e9charger<\/a><\/div>\n","protected":false},"excerpt":{"rendered":"<p>M\u00eame si la cuv\u00e9e 2023 n&#8217;affolera pas les compteurs au niveau du nombre de clubs, de nageurs et de spectateurs, nous pouvons \u00eatre fiers des performances de nos athl\u00e8tes. Vendredi &hellip; <\/p>\n<p class=\"link-more\"><a href=\"https:\/\/www.liegenatation.be\/Web\/competition-crisnee-24-et-25-novembre-2023\/\" class=\"more-link\">Continuer la lecture<span class=\"screen-reader-text\"> de &laquo;&nbsp;Comp\u00e9tition Crisn\u00e9e 24 et 25 novembre 2023&nbsp;&raquo;<\/span><\/a><\/p>\n","protected":false},"author":2,"featured_media":0,"parent":0,"menu_order":0,"comment_status":"closed","ping_status":"closed","template":"","meta":{"ngg_post_thumbnail":0,"footnotes":""},"class_list":["post-21153","page","type-page","status-publish","hentry"],"_links":{"self":[{"href":"https:\/\/www.liegenatation.be\/Web\/wp-json\/wp\/v2\/pages\/21153","targetHints":{"allow":["GET"]}}],"collection":[{"href":"https:\/\/www.liegenatation.be\/Web\/wp-json\/wp\/v2\/pages"}],"about":[{"href":"https:\/\/www.liegenatation.be\/Web\/wp-json\/wp\/v2\/types\/page"}],"author":[{"embeddable":true,"href":"https:\/\/www.liegenatation.be\/Web\/wp-json\/wp\/v2\/users\/2"}],"replies":[{"embeddable":true,"href":"https:\/\/www.liegenatation.be\/Web\/wp-json\/wp\/v2\/comments?post=21153"}],"version-history":[{"count":4,"href":"https:\/\/www.liegenatation.be\/Web\/wp-json\/wp\/v2\/pages\/21153\/revisions"}],"predecessor-version":[{"id":21170,"href":"https:\/\/www.liegenatation.be\/Web\/wp-json\/wp\/v2\/pages\/21153\/revisions\/21170"}],"wp:attachment":[{"href":"https:\/\/www.liegenatation.be\/Web\/wp-json\/wp\/v2\/media?parent=21153"}],"curies":[{"name":"wp","href":"https:\/\/api.w.org\/{rel}","templated":true}]}}