{"id":22646,"date":"2024-11-22T17:29:48","date_gmt":"2024-11-22T16:29:48","guid":{"rendered":"https:\/\/www.liegenatation.be\/Web\/?page_id=22646"},"modified":"2024-11-26T00:12:09","modified_gmt":"2024-11-25T23:12:09","slug":"competition-crisnee-22-et-232-novembre-2024","status":"publish","type":"page","link":"https:\/\/www.liegenatation.be\/Web\/competition-crisnee-22-et-232-novembre-2024\/","title":{"rendered":"Comp\u00e9tition Crisn\u00e9e 22 et 23 novembre 2024"},"content":{"rendered":"\n<p style=\"font-size:16px\"><mark style=\"background-color:rgba(0, 0, 0, 0)\" class=\"has-inline-color has-black-color\">Voici les r\u00e9sultats complets de notre meeting qui s&#8217;est d\u00e9roul\u00e9 dans une excellente ambiance et qui a permis \u00e0 Lucas Henveaux d&#8217;am\u00e9liorer le record de Belgique du 1500m sous les acclamations de l&#8217;ensemble des nageurs et des spectateurs pr\u00e9sents.<\/mark><\/p>\n\n\n\n<p style=\"font-size:16px\"><mark style=\"background-color:rgba(0, 0, 0, 0)\" class=\"has-inline-color has-black-color\">Nous tenons \u00e0 remercier les officiels, les nageurs, les sympathisants du club et la super \u00e9quipe de l&#8217;association de parents sans qui cet \u00e9v\u00e9nement n&#8217;aurait pas \u00e9t\u00e9 possible.<\/mark><\/p>\n\n\n\n<div class=\"wp-block-file\"><a id=\"wp-block-file--media-68efbed3-cf20-42f3-b789-4052fd5a5bb2\" href=\"https:\/\/www.liegenatation.be\/Web\/wp-content\/uploads\/2024\/11\/resultats-meeting-tout-1.pdf\" target=\"_blank\" rel=\"noreferrer noopener\"><strong><mark style=\"background-color:rgba(0, 0, 0, 0)\" class=\"has-inline-color has-vivid-cyan-blue-color\">R\u00e9sultats vendredi et samedi<\/mark><\/strong><\/a><a href=\"https:\/\/www.liegenatation.be\/Web\/wp-content\/uploads\/2024\/11\/resultats-meeting-tout-1.pdf\" class=\"wp-block-file__button wp-element-button\" download aria-describedby=\"wp-block-file--media-68efbed3-cf20-42f3-b789-4052fd5a5bb2\">T\u00e9l\u00e9charger<\/a><\/div>\n\n\n\n<div class=\"wp-block-file\"><a id=\"wp-block-file--media-f924ec91-92c3-403b-958a-51a3ae5345c6\" href=\"https:\/\/www.liegenatation.be\/Web\/wp-content\/uploads\/2024\/11\/statistiques-meeting-1.pdf\" target=\"_blank\" rel=\"noreferrer noopener\"><strong><mark style=\"background-color:rgba(0, 0, 0, 0)\" class=\"has-inline-color has-vivid-cyan-blue-color\">Statistiques<\/mark><\/strong><\/a><a href=\"https:\/\/www.liegenatation.be\/Web\/wp-content\/uploads\/2024\/11\/statistiques-meeting-1.pdf\" class=\"wp-block-file__button wp-element-button\" download aria-describedby=\"wp-block-file--media-f924ec91-92c3-403b-958a-51a3ae5345c6\">T\u00e9l\u00e9charger<\/a><\/div>\n\n\n\n\n\n\n","protected":false},"excerpt":{"rendered":"<p>Voici les r\u00e9sultats complets de notre meeting qui s&#8217;est d\u00e9roul\u00e9 dans une excellente ambiance et qui a permis \u00e0 Lucas Henveaux d&#8217;am\u00e9liorer le record de Belgique du 1500m sous les &hellip; <\/p>\n<p class=\"link-more\"><a href=\"https:\/\/www.liegenatation.be\/Web\/competition-crisnee-22-et-232-novembre-2024\/\" class=\"more-link\">Continuer la lecture<span class=\"screen-reader-text\"> de &laquo;&nbsp;Comp\u00e9tition Crisn\u00e9e 22 et 23 novembre 2024&nbsp;&raquo;<\/span><\/a><\/p>\n","protected":false},"author":2,"featured_media":0,"parent":0,"menu_order":0,"comment_status":"closed","ping_status":"closed","template":"","meta":{"ngg_post_thumbnail":0,"footnotes":""},"class_list":["post-22646","page","type-page","status-publish","hentry"],"_links":{"self":[{"href":"https:\/\/www.liegenatation.be\/Web\/wp-json\/wp\/v2\/pages\/22646","targetHints":{"allow":["GET"]}}],"collection":[{"href":"https:\/\/www.liegenatation.be\/Web\/wp-json\/wp\/v2\/pages"}],"about":[{"href":"https:\/\/www.liegenatation.be\/Web\/wp-json\/wp\/v2\/types\/page"}],"author":[{"embeddable":true,"href":"https:\/\/www.liegenatation.be\/Web\/wp-json\/wp\/v2\/users\/2"}],"replies":[{"embeddable":true,"href":"https:\/\/www.liegenatation.be\/Web\/wp-json\/wp\/v2\/comments?post=22646"}],"version-history":[{"count":8,"href":"https:\/\/www.liegenatation.be\/Web\/wp-json\/wp\/v2\/pages\/22646\/revisions"}],"predecessor-version":[{"id":22867,"href":"https:\/\/www.liegenatation.be\/Web\/wp-json\/wp\/v2\/pages\/22646\/revisions\/22867"}],"wp:attachment":[{"href":"https:\/\/www.liegenatation.be\/Web\/wp-json\/wp\/v2\/media?parent=22646"}],"curies":[{"name":"wp","href":"https:\/\/api.w.org\/{rel}","templated":true}]}}