{"id":7059,"date":"2013-12-14T15:08:47","date_gmt":"2013-12-14T15:08:47","guid":{"rendered":"http:\/\/www.liegenatation.be\/Web\/?page_id=7059"},"modified":"2021-10-06T17:12:08","modified_gmt":"2021-10-06T15:12:08","slug":"competition","status":"publish","type":"page","link":"https:\/\/www.liegenatation.be\/Web\/competition\/","title":{"rendered":"Groupes comp\u00e9tition"},"content":{"rendered":"<h1><span style=\"background-color: #ff00ff;\">Saison 2021-2022<\/span><\/h1>\n<p><span style=\"background-color: #ff9900;\">Document<\/span><\/p>\n<iframe src=\"\/\/docs.google.com\/viewer?url=http%3A%2F%2Fwww.liegenatation.be%2FWeb%2Fwp-content%2Fuploads%2F2021%2F08%2Fdemande-reactivationlicencecompetiteur.pdf&hl=fr&embedded=true\" class=\"gde-frame\" style=\"width:100%; height:500px; border: none;\" scrolling=\"no\"><\/iframe>\n<p class=\"gde-text\"><a href=\"http:\/\/www.liegenatation.be\/Web\/wp-content\/uploads\/2021\/08\/demande-reactivationlicencecompetiteur.pdf\" class=\"gde-link\">T\u00e9l\u00e9charger (PDF, 449KB)<\/a><\/p>\n<p>Certificat m\u00e9dical \u00e0 faire remplir pour le 15\/10\/2021 et \u00e0 remettre \u00e0 Brigitte ou dans son casier.<\/p>\n<p>Cotisation annuelle 50 \u20ac \u00e0 r\u00e9gler au premier entrainement \u00e0 Andr\u00e9&nbsp;<\/p>\n<p><span style=\"background-color: #3366ff;\">Groupe Andr\u00e9<\/span><\/p>\n<p><a href=\"http:\/\/www.liegenatation.be\/Web\/wp-content\/uploads\/2021\/08\/Groupe-Andre.png\"><img loading=\"lazy\" decoding=\"async\" class=\"alignnone size-medium wp-image-17885\" src=\"http:\/\/www.liegenatation.be\/Web\/wp-content\/uploads\/2021\/08\/Groupe-Andre-206x300.png\" alt=\"\" width=\"206\" height=\"300\" srcset=\"https:\/\/www.liegenatation.be\/Web\/wp-content\/uploads\/2021\/08\/Groupe-Andre-206x300.png 206w, https:\/\/www.liegenatation.be\/Web\/wp-content\/uploads\/2021\/08\/Groupe-Andre.png 288w\" sizes=\"auto, (max-width: 206px) 100vw, 206px\" \/><\/a><\/p>\n<p>&nbsp;<\/p>\n<iframe src=\"\/\/docs.google.com\/viewer?url=http%3A%2F%2Fwww.liegenatation.be%2FWeb%2Fwp-content%2Fuploads%2F2021%2F08%2Flettre-reprise-entrainements-Andre.pdf&hl=fr&embedded=true\" class=\"gde-frame\" style=\"width:100%; height:500px; border: none;\" scrolling=\"no\"><\/iframe>\n<p class=\"gde-text\"><a href=\"http:\/\/www.liegenatation.be\/Web\/wp-content\/uploads\/2021\/08\/lettre-reprise-entrainements-Andre.pdf\" class=\"gde-link\">T\u00e9l\u00e9charger (PDF, 500KB)<\/a><\/p>\n<p>&nbsp;<\/p>\n<p style=\"text-align: center;\">&nbsp;<\/p>\n<p>&nbsp;<\/p>\n<p>&nbsp;<\/p>\n<p>&nbsp;<\/p>\n<p>&nbsp;<\/p>\n<p>&nbsp;<\/p>\n","protected":false},"excerpt":{"rendered":"<p>Saison 2021-2022 Document Certificat m\u00e9dical \u00e0 faire remplir pour le 15\/10\/2021 et \u00e0 remettre \u00e0 Brigitte ou dans son casier. Cotisation annuelle 50 \u20ac \u00e0 r\u00e9gler au premier entrainement \u00e0 &hellip; <\/p>\n<p class=\"link-more\"><a href=\"https:\/\/www.liegenatation.be\/Web\/competition\/\" class=\"more-link\">Continuer la lecture<span class=\"screen-reader-text\"> de &laquo;&nbsp;Groupes comp\u00e9tition&nbsp;&raquo;<\/span><\/a><\/p>\n","protected":false},"author":2,"featured_media":0,"parent":0,"menu_order":34,"comment_status":"closed","ping_status":"closed","template":"","meta":{"ngg_post_thumbnail":0,"footnotes":""},"class_list":["post-7059","page","type-page","status-publish","hentry"],"_links":{"self":[{"href":"https:\/\/www.liegenatation.be\/Web\/wp-json\/wp\/v2\/pages\/7059","targetHints":{"allow":["GET"]}}],"collection":[{"href":"https:\/\/www.liegenatation.be\/Web\/wp-json\/wp\/v2\/pages"}],"about":[{"href":"https:\/\/www.liegenatation.be\/Web\/wp-json\/wp\/v2\/types\/page"}],"author":[{"embeddable":true,"href":"https:\/\/www.liegenatation.be\/Web\/wp-json\/wp\/v2\/users\/2"}],"replies":[{"embeddable":true,"href":"https:\/\/www.liegenatation.be\/Web\/wp-json\/wp\/v2\/comments?post=7059"}],"version-history":[{"count":26,"href":"https:\/\/www.liegenatation.be\/Web\/wp-json\/wp\/v2\/pages\/7059\/revisions"}],"predecessor-version":[{"id":17993,"href":"https:\/\/www.liegenatation.be\/Web\/wp-json\/wp\/v2\/pages\/7059\/revisions\/17993"}],"wp:attachment":[{"href":"https:\/\/www.liegenatation.be\/Web\/wp-json\/wp\/v2\/media?parent=7059"}],"curies":[{"name":"wp","href":"https:\/\/api.w.org\/{rel}","templated":true}]}}