{"id":789,"date":"2011-09-08T20:58:13","date_gmt":"2011-09-08T18:58:13","guid":{"rendered":"http:\/\/www.aure.nl\/Liege\/?page_id=736"},"modified":"2024-03-03T14:14:59","modified_gmt":"2024-03-03T13:14:59","slug":"histoire","status":"publish","type":"page","link":"https:\/\/www.liegenatation.be\/Web\/club\/histoire\/","title":{"rendered":"Histoire"},"content":{"rendered":"<figure id=\"attachment_766\" aria-describedby=\"caption-attachment-766\" style=\"width: 200px\" class=\"wp-caption alignleft\"><a href=\"http:\/\/www.liegenatation.be\/Web\/wp-content\/uploads\/2011\/09\/andr\u00e9-henveaux.jpg\"><img loading=\"lazy\" decoding=\"async\" class=\"wp-image-766 size-medium\" title=\"Andr\u00e9 Henveaux\" src=\"http:\/\/www.liegenatation.be\/Web\/wp-content\/uploads\/2011\/09\/andr\u00e9-henveaux-200x300.jpg\" alt=\"\" width=\"200\" height=\"300\" srcset=\"https:\/\/www.liegenatation.be\/Web\/wp-content\/uploads\/2011\/09\/andr\u00e9-henveaux-200x300.jpg 200w, https:\/\/www.liegenatation.be\/Web\/wp-content\/uploads\/2011\/09\/andr\u00e9-henveaux.jpg 320w\" sizes=\"auto, (max-width: 200px) 100vw, 200px\" \/><\/a><figcaption id=\"caption-attachment-766\" class=\"wp-caption-text\">Andr\u00e9 Henveaux<\/figcaption><\/figure>\n<h4><span style=\"color: #0000ff;\">Andr\u00e9 Henveaux, le pr\u00e9curseur<\/span><\/h4>\n<p>Qui dit Li\u00e8ge Natation, dit invariablement Andr\u00e9 Henveaux. Il est l\u2019\u00e2me du club, son co-fondateur et celui qui, aujourd\u2019hui encore, le dirige au quotidien, tant\u00f4t avec un gant de velours, tant\u00f4t avec une poigne de fer.&nbsp; Mais toujours avec un seul souhait&nbsp;: faire progresser ses nageurs et leur inculquer les valeurs essentielles du sport.<!--nextpage--><\/p>\n<p>Comment est n\u00e9 Li\u00e8ge Natation&nbsp;? El\u00e9ments de r\u00e9ponse avec Andr\u00e9 Henveaux.<\/p>\n<blockquote><p><em>\u00ab&nbsp;Apr\u00e8s une jeunesse sportive en tant que nageur et joueur de water-polo dans les ann\u00e9es \u201960, un passage de plusieurs ann\u00e9es en Afrique comme \u00e9l\u00e9veur de gros b\u00e9tail et un parcours d\u2019entra\u00eeneur de natation qui d\u00e9bute fin 1974 (Waremme, Ecole de Natation de la Sauveni\u00e8re, Wanze, Mosa Club de Li\u00e8ge), des contacts sont \u00e9tablis avec Monsieur Jean STASSART, Bourgmestre de la Commune de Crisn\u00e9e.&nbsp; Nous sommes en 1986. La Commune de Crisn\u00e9e, \u00e0 cette \u00e9poque, avait la particularit\u00e9 de disposer d\u2019une piscine, qui \u00e9tait \u2026 ferm\u00e9e, suite \u00e0 une faillite. J\u2019ai relev\u00e9 le challenge d\u2019y d\u00e9velopper une animation publique, scolaire et sportive. Avec l\u2019aide de quelques nageurs enthousiastes, dou\u00e9s et motiv\u00e9s, mais aussi avec le concours de mon papa, de Joseph BETMART, de Marcel BONVOISIN et de Monsieur ARNOULD, nous avons fond\u00e9 l\u2019ASBL LIEGE NATATION.&nbsp;\u00bb<!--nextpage--><\/em><\/p><\/blockquote>\n<p>Pourquoi LIEGE NATATION et pas CRISNEE NATATION&nbsp;?<\/p>\n<blockquote><p><em>\u00ab&nbsp;Tout simplement car nous voulions, \u00e0 l\u2019\u00e9poque, cr\u00e9er un club avec une dimension internationale. Li\u00e8ge et sa Province disposent d\u2019une aura consid\u00e9rable et nous \u00e9tions tous fiers, en tant que Li\u00e9geois de souche, que notre club porte cette d\u00e9nomination.&nbsp;\u00bb<\/em><\/p><\/blockquote>\n<p>L\u2019avenir allait donner 1000x raison \u00e0 ces pionniers, puisque le club, depuis sa cr\u00e9ation, a trust\u00e9 les r\u00e9compenses internationales, par le biais d\u2019une multitude de nageurs de haut-niveau. Mais nous y reviendrons plus tard\u2026<\/p>\n<p><!--nextpage--><\/p>\n<h4><span style=\"color: #0000ff;\"><br \/>\nLe 12 mai 1987,&nbsp;la grande aventure commence&nbsp;!<br \/>\n<\/span><\/h4>\n<blockquote><p><em>\u00ab&nbsp;Le 12 mai 1987, nous existons&nbsp;! M\u00eame s\u2019il y avait d\u00e9j\u00e0 plusieurs mois que plusieurs nageurs s\u2019entra\u00eenaient \u00e0 Crisn\u00e9e.&nbsp; J\u2019\u00e9tais ami avec Philippe NOEL, assistant \u00e0 l\u2019Universit\u00e9 de Li\u00e8ge en Education Physique. Mes paroles furent simples&nbsp;: \u00ab&nbsp;Voil\u00e0 Philippe, pr\u00e9sente-moi tes deux meilleurs \u00e9l\u00e9ments en 2<sup>\u00e8me<\/sup> licence.&nbsp; J\u2019ai une piscine et j\u2019ai besoin de partenaires et d\u2019un encadrement de qualit\u00e9&nbsp;! Si cette base existe, les nageurs suivront\u2026&nbsp;\u00bb.<\/em><\/p>\n<p><em>Il m\u2019a ainsi pr\u00e9sent\u00e9 Brigitte LEGROS et Eric HOSTE et, ensemble, nous avons structur\u00e9 un club et une \u00e9cole de natation&nbsp;: LgN.&nbsp;\u00bb<\/em><\/p><\/blockquote>\n<p><em>&nbsp;<\/em><\/p>\n<h4><span style=\"color: #0000ff;\">La philosophie de Li\u00e8ge Natation<\/span><\/h4>\n<blockquote><p><em>\u00ab&nbsp;Acclimatation, apprentissage et perfectionnement de qualit\u00e9 pour les enfants et les adultes dans un club haut de gamme&nbsp;: tels \u00e9taient nos fondements. Un club socialement ouvert \u00e0 tous, mais avec des r\u00e8gles strictes au niveau du comportement. Brigitte et Eric, ainsi que d\u2019autres enseignants sortis de l\u2019Ulg et des hautes \u00e9coles d\u2019Education Physique qui les ont rejoints plus tard, ont appris \u00e0 nager avec m\u00e9thode \u00e0 des centaines, des milliers d\u2019enfants depuis 25 ans.&nbsp; Ils sont toujours l\u00e0 \u00e0 mes c\u00f4t\u00e9s, mes fid\u00e8les complices, et je tiens ici \u00e0 les remercier publiquement pour leur soutien et leur adresse un clin d\u2019\u0153il amical qui en dit long&nbsp;!<\/em><\/p>\n<p><em>Pour tous les trois, je pense, notre avenir est derri\u00e8re nous, mais nous pouvons nous f\u00e9liciter du travail accompli&nbsp;! Quelle vie, quel parcours commun&nbsp;!&nbsp;\u00bb<\/em><\/p>\n<p>&nbsp;<\/p><\/blockquote>\n<h4><span style=\"color: #0000ff;\">Une renomm\u00e9e internationale<\/span><\/h4>\n<blockquote><p><em>\u00ab&nbsp;La r\u00e9putation de LIEGE NATATION est maintenant ce qu\u2019elle devait devenir&nbsp;: un club connu internationalement, gr\u00e2ce \u00e0 des nageurs remarquables, qui ont assur\u00e9 notre renomm\u00e9e. Je tiens ici \u00e0 remercier du fond du c\u0153ur celles et ceux qui, depuis 25 ans, ont port\u00e9 tr\u00e8s haut les couleurs de notre club, et je les encourage \u00e0 poursuivre sur cette voie. <\/em><\/p>\n<p><em>Au niveau comp\u00e9tition, nous sommes depuis toujours l\u2019un des meilleurs clubs du pays, avec de nombreuses victoires du Challenge GEORGE et du Challenge DAUVEN, d\u2019innombrables titres de Champions de Belgique, en jeunes comme en seniors.&nbsp;\u00bb<\/em><\/p><\/blockquote>\n<p>&nbsp;<\/p>\n<p>Andr\u00e9 HENVEAUX, c\u2019est l\u2019homme aux multiples records, une r\u00e9f\u00e9rence de la natation belge.&nbsp; Sous sa reponsabilit\u00e9, les nageurs ont conquis \u00e0 ce jour 97 records de Belgique seniors, 16 \u00e0 l\u2019\u00e9poque du Mosa Club de Li\u00e8ge et 81 avec Li\u00e8ge Natation.&nbsp; <em>\u00ab&nbsp;Encore trois et nous f\u00eaterons cela comme il se doit&nbsp;!&nbsp;\u00bb<\/em><\/p>\n<p><em><!--nextpage--><br \/>\n<\/em><\/p>\n<h4><span style=\"color: #0000ff;\"><strong><em>LIEGE NATATION au plus haut niveau, c\u2019est\u2026<\/em><\/strong><\/span><\/h4>\n<p>&nbsp;<\/p>\n<table class=\"aligncenter\" cellspacing=\"0\" cellpadding=\"0\">\n<tbody>\n<tr>\n<td valign=\"top\"><span style=\"text-decoration: underline; color: #3366ff;\"><strong><em>Championnats d\u2019Europe juniors<\/em><\/strong><\/span><\/td>\n<\/tr>\n<\/tbody>\n<\/table>\n<p>&nbsp;<\/p>\n<p><strong><em>2006 \u2013 <\/em>Palma de Majorque (Espagne)<\/strong><\/p>\n<p>Yoris GRANDJEAN remporte le 100 libre et termine 3<sup>\u00e8me<\/sup> du 50 libre.<\/p>\n<p><strong>2007 \u2013 Anvers (Belgique)<\/strong><\/p>\n<p>Yoris GRANDJEAN remporte le 100 libre et devient le 1<sup>er<\/sup> nageur belge \u00e0 descendre sous la barre des 50 secondes sur cette distance.<\/p>\n<p>Il permet aussi au relais belge de remporter une m\u00e9daille sur le 4 nages.<\/p>\n<p>&nbsp;<\/p>\n<table cellspacing=\"0\" cellpadding=\"0\">\n<tbody>\n<tr>\n<td valign=\"top\">\n<p style=\"text-align: left;\"><span style=\"text-decoration: underline;\"><span style=\"color: #3366ff;\"><strong><em>Championnats du Monde juniors<\/em><\/strong><\/span><\/span><\/p>\n<\/td>\n<\/tr>\n<\/tbody>\n<\/table>\n<p>&nbsp;<\/p>\n<p><strong>2006 \u2013 Rio de Janeiro (Br\u00e9sil)<\/strong><\/p>\n<p>Yoris GRANDJEAN, en super-forme, remporte l\u2019or mondial sur le 50 et le 100 libre&nbsp;!<\/p>\n<p>Il obtient l\u2019argent sur le 200 libre \u00e9galement.<\/p>\n<p>Il est consid\u00e9r\u00e9, \u00e0 l\u2019\u00e9poque, comme le n\u00b0 1 mondial dans sa cat\u00e9gorie.<\/p>\n<p>Un souvenir unique dans l\u2019histoire de LIEGE NATATION.<\/p>\n<p>&nbsp;<\/p>\n<table cellspacing=\"0\" cellpadding=\"0\">\n<tbody>\n<tr>\n<td valign=\"top\"><span style=\"text-decoration: underline; color: #3366ff;\"><strong><em>EYOF<\/em><\/strong><\/span><\/td>\n<\/tr>\n<\/tbody>\n<\/table>\n<p>&nbsp;<\/p>\n<p><strong>2005 \u2013 Lignano (Italie)<\/strong><\/p>\n<p>Festival de Yoris GRANDJEAN, qui remporte le 50, le 100 et le 200 nage libre et obtient le bronze sur le 100 papillon.<\/p>\n<p>Il est pl\u00e9biscit\u00e9 meilleur athl\u00e8te, tous sports confondus, de ces EYOF.<\/p>\n<p>Pierre-Antoine MEUNIER est finaliste du 100 brasse.<\/p>\n<p>&nbsp;<\/p>\n<table class=\"aligncenter\" cellspacing=\"0\" cellpadding=\"0\">\n<tbody>\n<tr>\n<td valign=\"top\"><span style=\"text-decoration: underline; color: #3366ff;\"><strong><em>Championnats d\u2019Europe seniors<\/em><\/strong><\/span><\/td>\n<\/tr>\n<\/tbody>\n<\/table>\n<p>&nbsp;<\/p>\n<p><strong>1987 \u2013 Strasbourg (France)<\/strong><\/p>\n<p>Participations de Isabelle et Jean-Marie ARNOULD (11 records de Belgique ensemble) et une place de finaliste pour Anne BONVOISIN, \u00e0 16 ans&nbsp;!<\/p>\n<p><strong>1989 \u2013 Bonn (Allemagne)<\/strong><\/p>\n<p>Plusieurs finales A pour Sandra CAM et Isabelle ARNOULD.<\/p>\n<p><strong>1991 \u2013 Ath\u00e8nes (Gr\u00e8ce)<\/strong><\/p>\n<p>Plusieurs finales pour Sandra CAM et Isabelle ARNOULD.<\/p>\n<p>Bernard VRANCKEN nage le 400 et le 1500 libre.<\/p>\n<p><strong>1993 \u2013 Sheffield (Angleterrre)<\/strong><\/p>\n<p>Participation de Sandra CAM<\/p>\n<p><strong>1995 \u2013 Vienne (Autriche)<\/strong><\/p>\n<p>Fred TONUS, en papillon dans le relais 4 nages, se qualifie pour les JO d\u2019Atlanta et le relais termine 5<sup>\u00e8me<\/sup>.<\/p>\n<p>Delphine BRIMIOULLE et St\u00e9phanie CLOSE sont pr\u00e9sentes.<\/p>\n<p><strong>1997 \u2013 S\u00e9ville (Espagne)<\/strong><\/p>\n<p>St\u00e9phanie CLOES participe au relais 4 nages, qui est finaliste, mais disqualifi\u00e9\u2026<\/p>\n<p><strong>1999 \u2013 Istanbul (Turquie)<\/strong><\/p>\n<p>Fred TONUS y participe et y r\u00e9alise de bons r\u00e9sultats en 50 et 100 papillon.&nbsp; Saluons ici ce nageur devenu un grand chef d\u2019entreprise et qui a \u00e9t\u00e9, pour toute une g\u00e9n\u00e9ration, un exemple formidable. Il a en effet r\u00e9ussi \u00e0 mener de front une brillante carri\u00e8re sportive et des \u00e9tudes de haut niveau \u00e0 l\u2019Ulg.<\/p>\n<p>C\u2019est Els GITSELS, la &#8220;moiti\u00e9&#8221; d\u2019Andr\u00e9 HENVEAUX, qui officie en tant qu\u2019entra\u00eeneur francophone lors de cette comp\u00e9tition.<\/p>\n<p><strong>2004 \u2013 Madrid (Espagne)<\/strong><\/p>\n<p>D\u00e9buts internationaux de Pierre-Yves ROMANINI.<\/p>\n<p><strong>2008 \u2013 Eindhoven (Pays-Bas)<\/strong><\/p>\n<p>Place de finaliste sur le 100 libre pour Yoris GRANDJEAN et record de Belgique sur le 50 et le 100 libre.<\/p>\n<p><strong>2010 \u2013 Budapest (Hongrie)<\/strong><\/p>\n<p>Pholien SYSTERMANS et Yoris GRANDJEAN sont s\u00e9lectionn\u00e9s.<\/p>\n<p>&nbsp;<\/p>\n<table class=\"aligncenter\" cellspacing=\"0\" cellpadding=\"0\">\n<tbody>\n<tr>\n<td valign=\"top\"><span style=\"text-decoration: underline;\"><span style=\"color: #3366ff;\"><strong><em>Championnats du Monde seniors<\/em><\/strong><\/span><\/span><\/td>\n<\/tr>\n<\/tbody>\n<\/table>\n<p>&nbsp;<\/p>\n<p><strong>1990 \u2013 Perth (Australie)<\/strong><\/p>\n<p>Participations d\u2019Isabelle ARNOULD, de Sandra CAM (finaliste du 400) et de Bernard CHARLIER (record belge 200 4 nages).<\/p>\n<p><strong>1994 \u2013 Rome (Italie)<\/strong><\/p>\n<p>Participation de Sandra CAM.<\/p>\n<p><strong>2007 \u2013 Melbourne (Australie)<\/strong><\/p>\n<p>Yoris GRANDJEAN, \u00e0 peine \u00e2g\u00e9 de 18 ans, affirme ses qualit\u00e9s chez les seniors et r\u00e9alise un superbe 100 libre.&nbsp; Une des plus belles courses de sa carri\u00e8re&nbsp;!<\/p>\n<p><strong>2009 \u2013 Rome (Italie)<\/strong><\/p>\n<p>Pholien SYSTERMANS, Pierre-Yves ROMANINI et Yoris GRANDJEAN sont du voyage et obtiennent de belles satisfactions dans les relais.<\/p>\n<p><strong>2011 \u2013 Shangha\u00ef (Chine)<\/strong><\/p>\n<p>Yoris GRANDJEAN et Mathieu FONTEYN y participent.<\/p>\n<p>Glenn SURGELOOSE nage le 200 libre, et approche son record national.<\/p>\n<p>&nbsp;<\/p>\n<table class=\"aligncenter\" cellspacing=\"0\" cellpadding=\"0\">\n<tbody>\n<tr>\n<td valign=\"top\"><span style=\"text-decoration: underline; color: #3366ff;\"><strong><em>Jeux Olympiques<\/em><\/strong><\/span><\/td>\n<\/tr>\n<\/tbody>\n<\/table>\n<p>&nbsp;<\/p>\n<p><strong>1988 \u2013 S\u00e9oul (Cor\u00e9e)<\/strong><\/p>\n<p>Isabelle ARNOULD est une nageuse de valeur mondiale.&nbsp; Elle se qualifie pour deux finales A et \u00e9choue tr\u00e8s pr\u00e8s d\u2019une m\u00e9daille.<\/p>\n<p>Jean-Marie ARNOULD nage le 200 et le 400 libre, ainsi que le 200 papillon.<\/p>\n<p>Anne BONVOISIN est s\u00e9lectionn\u00e9e dans le camp de la jeunesse olympique.<\/p>\n<p><strong>1992 \u2013 Barcelone (Espagne)<\/strong><\/p>\n<p>Isabelle ARNOULD participe \u00e0 nouveau \u00e0 deux finales A en 400 et 800 libre et reste une des meilleurs nageuses mondiales dans ces deux disciplines.<\/p>\n<p>Sandra CAM gagne la finale B du 400 libre.<\/p>\n<p>Jessy MIEVIS est s\u00e9lectionn\u00e9e dans le camp de la jeunesse olympique.<\/p>\n<p><strong>1996 \u2013 Atlanta (Etats-Unis)<\/strong><\/p>\n<p>Participation de Sandra CAM. Pour ses derniers Jeux, elle se classe 10<sup>\u00e8me<\/sup> du 400 libre.<\/p>\n<p><strong>2004 \u2013 Ath\u00e8nes (Gr\u00e8ce)<\/strong><\/p>\n<p>Andr\u00e9 HENVEAUX y est consultant pour la RTBF, mais aucun nageur belge ne participe \u00e0 ces Olympiades\u2026<\/p>\n<p><strong>2008 \u2013 P\u00e9kin (Chine)<\/strong><\/p>\n<p>Yoris GRANDJEAN \u00e9choue \u00e0 2\/10<sup>\u00e8me<\/sup>de la demi-finale du 100 libre.<\/p>\n<p>Il nage en 48.82 sur le 100 et en 22.45 sur le 50 libre.<\/p>\n<p>C\u2019est le d\u00e9but de l\u2019\u00e8re du polyur\u00e9thane et des performances \u00ab&nbsp;virtuelles&nbsp;\u00bb.<\/p>\n<p><strong>2012 \u2013 Londres (Grande-Bretagne)<\/strong><\/p>\n<p>\u2026. A suivre prochainement\u2026.<\/p>\n<p>&nbsp;<\/p>\n<table class=\"aligncenter\" cellspacing=\"0\" cellpadding=\"0\">\n<tbody>\n<tr>\n<td valign=\"top\"><span style=\"text-decoration: underline; color: #3366ff;\"><strong><em>Universiades<\/em><\/strong><\/span><\/td>\n<\/tr>\n<\/tbody>\n<\/table>\n<p>&nbsp;<\/p>\n<p><strong>1993 \u2013 Buffalo (Etats-Unis)<\/strong><\/p>\n<p>Cinq m\u00e9dailles pour Isabelle ARNOULD et Sandra CAM, dont un titre de championne du monde universitaire pour Sandra CAM en 400 libre.<\/p>\n<p><strong>2011 \u2013 Shenzhen (Chine)<\/strong><\/p>\n<p>Pr\u00e9sence de quatre nageurs de LIEGE NATATION&nbsp;: Sarah WEGRIA, Pierre-Yves ROMANINI, Glenn SURGELOOSE et C\u00e9dric DELVOIE.<\/p>\n<figure id=\"attachment_772\" aria-describedby=\"caption-attachment-772\" style=\"width: 300px\" class=\"wp-caption alignright\"><a href=\"http:\/\/www.liegenatation.be\/Web\/wp-content\/uploads\/2011\/09\/sarah-wegria-et-sarah-delvaux.jpg\"><img loading=\"lazy\" decoding=\"async\" class=\"size-medium wp-image-772\" title=\"Sarah Wegria et Sarah Delvaux\" src=\"http:\/\/www.liegenatation.be\/Web\/wp-content\/uploads\/2011\/09\/sarah-wegria-et-sarah-delvaux-300x225.jpg\" alt=\"\" width=\"300\" height=\"225\" srcset=\"https:\/\/www.liegenatation.be\/Web\/wp-content\/uploads\/2011\/09\/sarah-wegria-et-sarah-delvaux-300x225.jpg 300w, https:\/\/www.liegenatation.be\/Web\/wp-content\/uploads\/2011\/09\/sarah-wegria-et-sarah-delvaux-768x576.jpg 768w, https:\/\/www.liegenatation.be\/Web\/wp-content\/uploads\/2011\/09\/sarah-wegria-et-sarah-delvaux-1024x768.jpg 1024w\" sizes=\"auto, (max-width: 300px) 100vw, 300px\" \/><\/a><figcaption id=\"caption-attachment-772\" class=\"wp-caption-text\">Sarah Wegria et Sarah Delvaux<\/figcaption><\/figure>\n<p>Les nageurs passent, mais le club demeure. Esp\u00e9rons que cette fabuleuse liste d\u2019exploits au plus haut niveau de la natation soit encore compl\u00e9t\u00e9e rapidement par d\u2019autres performances de choix&nbsp;!<\/p>\n<p>Cette liste, d\u00e9j\u00e0 cons\u00e9quente, n\u2019est cependant pas exhaustive et il convient d\u2019y ajouter toutes les participations EYOF, CEJ, les titres de Champions de Belgique dans les jeunes et les seniors, ainsi que les centaines de records nationaux obtenus chez les jeunes.<\/p>\n<p>Outre les nageurs d\u00e9j\u00e0 cit\u00e9s ci-dessus, voici un aper\u00e7u des autres membres de LIEGE NATATION qui ont repr\u00e9sent\u00e9 notre pays dans des comp\u00e9titions internationales depuis la cr\u00e9ation du club et qui m\u00e9ritent toute notre reconnaissance&nbsp;:<\/p>\n<p>Marie VANDERGEETEN \u2013 Virginie DOPPAGNE \u2013 Astrid DEMEUSE \u2013 Laurence FRANCK \u2013 Nathalie CLAES \u2013 Nathalie HUSKIN \u2013 H\u00e9l\u00e8ne RONDEAUX \u2013 Tahn\u00e9e GRANDJEAN \u2013 Sarah DELVAUX \u2013 Natacha DELVOIE \u2013 Chlo\u00e9 MATROULE \u2013 Joan GRANDJEAN \u2013 Julie DE COSTER \u2013 C\u00e9line CRAHAY \u2013 Renaud VERJANS \u2013 Olivier LANDAUER \u2013 Alain DELL\u2019AERA \u2013 Alan DEBUYST \u2013 Christophe COULEE \u2013 Alexandre ROSU \u2013 Jona DELEN \u2013 Lo\u00efc POES \u2026.<em><br \/>\n<\/em><\/p>\n","protected":false},"excerpt":{"rendered":"<p>Andr\u00e9 Henveaux, le pr\u00e9curseur Qui dit Li\u00e8ge Natation, dit invariablement Andr\u00e9 Henveaux. Il est l\u2019\u00e2me du club, son co-fondateur et celui qui, aujourd\u2019hui encore, le dirige au quotidien, tant\u00f4t avec &hellip; <\/p>\n<p class=\"link-more\"><a href=\"https:\/\/www.liegenatation.be\/Web\/club\/histoire\/\" class=\"more-link\">Continuer la lecture<span class=\"screen-reader-text\"> de &laquo;&nbsp;Histoire&nbsp;&raquo;<\/span><\/a><\/p>\n","protected":false},"author":2,"featured_media":0,"parent":438,"menu_order":0,"comment_status":"closed","ping_status":"closed","template":"","meta":{"ngg_post_thumbnail":0,"footnotes":""},"class_list":["post-789","page","type-page","status-publish","hentry"],"_links":{"self":[{"href":"https:\/\/www.liegenatation.be\/Web\/wp-json\/wp\/v2\/pages\/789","targetHints":{"allow":["GET"]}}],"collection":[{"href":"https:\/\/www.liegenatation.be\/Web\/wp-json\/wp\/v2\/pages"}],"about":[{"href":"https:\/\/www.liegenatation.be\/Web\/wp-json\/wp\/v2\/types\/page"}],"author":[{"embeddable":true,"href":"https:\/\/www.liegenatation.be\/Web\/wp-json\/wp\/v2\/users\/2"}],"replies":[{"embeddable":true,"href":"https:\/\/www.liegenatation.be\/Web\/wp-json\/wp\/v2\/comments?post=789"}],"version-history":[{"count":12,"href":"https:\/\/www.liegenatation.be\/Web\/wp-json\/wp\/v2\/pages\/789\/revisions"}],"predecessor-version":[{"id":21720,"href":"https:\/\/www.liegenatation.be\/Web\/wp-json\/wp\/v2\/pages\/789\/revisions\/21720"}],"up":[{"embeddable":true,"href":"https:\/\/www.liegenatation.be\/Web\/wp-json\/wp\/v2\/pages\/438"}],"wp:attachment":[{"href":"https:\/\/www.liegenatation.be\/Web\/wp-json\/wp\/v2\/media?parent=789"}],"curies":[{"name":"wp","href":"https:\/\/api.w.org\/{rel}","templated":true}]}}